{"id":18022,"date":"2022-02-21T09:31:03","date_gmt":"2022-02-21T08:31:03","guid":{"rendered":"https:\/\/www.pfarrplatz.at\/protezione-dei-dati\/"},"modified":"2025-09-26T11:40:03","modified_gmt":"2025-09-26T09:40:03","slug":"protezione-dei-dati","status":"publish","type":"page","link":"https:\/\/www.pfarrplatz.at\/it\/protezione-dei-dati\/","title":{"rendered":"Protezione dei dati"},"content":{"rendered":"<div class=\"fusion-fullwidth fullwidth-box fusion-builder-row-1 fusion-flex-container nonhundred-percent-fullwidth non-hundred-percent-height-scrolling\" style=\"--awb-border-radius-top-left:0px;--awb-border-radius-top-right:0px;--awb-border-radius-bottom-right:0px;--awb-border-radius-bottom-left:0px;--awb-padding-top:50px;--awb-flex-wrap:wrap;\" ><div class=\"fusion-builder-row fusion-row fusion-flex-align-items-flex-start fusion-flex-content-wrap\" style=\"max-width:104%;margin-left: calc(-4% \/ 2 );margin-right: calc(-4% \/ 2 );\"><div class=\"fusion-layout-column fusion_builder_column fusion-builder-column-0 fusion_builder_column_1_2 1_2 fusion-flex-column\" style=\"--awb-bg-blend:overlay;--awb-bg-size:cover;--awb-width-large:50%;--awb-margin-top-large:0px;--awb-spacing-right-large:3.84%;--awb-margin-bottom-large:0px;--awb-spacing-left-large:3.84%;--awb-width-medium:50%;--awb-spacing-right-medium:3.84%;--awb-spacing-left-medium:3.84%;--awb-width-small:100%;--awb-spacing-right-small:1.92%;--awb-spacing-left-small:1.92%;\"><div class=\"fusion-column-wrapper fusion-flex-justify-content-flex-start fusion-content-layout-column\"><div class=\"fusion-text fusion-text-1\" style=\"--awb-text-transform:none;\"><p>Grazie per l&#8217;interesse dimostrato nei confronti della nostra azienda e del nostro sito web pfarrplatz.at. L&#8217;azienda Pfarrplatz Gastronomiebetriebs GmbH, FN 95985f, con indirizzo commerciale Pfarrplatz 2, 1190 Vienna, gestisce un portale online per i suoi clienti con l&#8217;indirizzo web &#8220;www.pfarrplatz.at&#8221;. Ulteriori informazioni su Pfarrplatz Gastronomiebetriebs GmbH sono disponibili nella <a href=\"http:\/\/www.pfarrplatz.at\/de\/infos\/impressum.html\">nota legale presente in questa pagina<\/a>. Le presenti informazioni sulla protezione dei dati si applicano alle offerte per i clienti fatte a nome di Pfarrplatz Gastronomiebetriebs GmbH e offerte sul portale online.   <\/p>\n<p>Pfarrplatz Gastronomiebetriebs GmbH fa parte di un gruppo di aziende. Per adempiere ai propri obblighi, Pfarrplatz Gastronomiebetriebs GmbH si avvale anche di societ\u00e0 affiliate al gruppo in una divisione del lavoro. L&#8217;elenco delle societ\u00e0 coperte dalla presente informativa sulla protezione dei dati \u00e8 disponibile <a href=\"http:\/\/www.pfarrplatz.com\/DSGVO\/07_Unternehmen_Pfarrplatz.pdf\" target=\"_blank\" rel=\"noopener noreferrer\">qui<\/a>.  <\/p>\n<p><strong>Oggetto dell&#8217;informativa<\/strong><br \/>\nLa presente informativa generale sulla protezione dei dati descrive e spiega il nostro impegno fondamentale per la protezione dei dati e le misure di sicurezza generali. Adempiamo ai nostri obblighi di informazione sulla protezione dei dati fornendo informazioni separate sulla protezione dei dati per le singole offerte dei clienti, che costituiscono parte integrante della presente informativa sulla protezione dei dati. Ulteriori informazioni e un link ai documenti sono disponibili sotto la voce<a href=\"https:\/\/www.pfarrplatz.at\/it\/protezione-dei-dati\/?builder=true&#038;builder_id=6a42d3528d320a1682aa30e7b6a317ec#kundenangebote\">&#8220;Informazioni sulla protezione dei dati per offerta cliente<\/a>&#8220;.<em><strong>.<\/strong><\/em>  <\/p>\n<p><strong>Misure di sicurezza<\/strong><br \/>\nLa protezione dei tuoi dati personali e delle informazioni che potrebbero portare alla tua identit\u00e0 \u00e8 molto importante per noi. L&#8217;obiettivo di Pfarrplatz Gastronomiebetriebs GmbH \u00e8 quello di soddisfare costantemente le aspettative dei nostri clienti nei confronti dei nostri prodotti e servizi. Ci\u00f2 include anche il trattamento responsabile dei dati che ci affidi nell&#8217;ambito del nostro rapporto con i clienti. Ci impegniamo a proteggere i tuoi dati in conformit\u00e0 alle leggi vigenti in materia di protezione dei dati.<br \/>\nPer questo motivo, lavoriamo costantemente per rivedere e migliorare le nostre regole di sicurezza tecnica e fisica. Nell&#8217;ambito di un concetto di sicurezza, abbiamo implementato misure di sicurezza attraverso regole e precauzioni per proteggere i tuoi dati personali da perdite, abusi e alterazioni involontarie su tutti i siti web e i server gestiti da Pfarrplatz Gastronomiebetriebs GmbH mentre sono sotto il nostro controllo.<br \/>\nGarantiamo inoltre il rispetto delle norme sulla protezione dei dati attraverso la formazione regolare del nostro personale, mettendo a disposizione un coordinatore per la protezione dei dati e imponendo per iscritto l&#8217;obbligo di mantenere la riservatezza dei dati ai dipendenti e ai responsabili esterni del trattamento.    <\/p>\n<p><strong>Minori<\/strong><br \/>\nNon intendiamo raccogliere dati personali di minori; purtroppo, per\u00f2, non possiamo sempre verificare l&#8217;et\u00e0 delle persone che accedono e utilizzano i nostri siti web. Se un minorenne ci fornisce i suoi dati senza l&#8217;autorizzazione del suo tutore legale, gli chiederemo di contattarci in modo che tali dati possano essere cancellati e il minorenne non possa pi\u00f9 essere contattato da noi (ad esempio per materiale pubblicitario). Contatto: <a href=\"mailto:office@pfarrplatz.at\">office@pfarrplatz.at<\/a><\/p>\n<\/div><\/div><\/div><div class=\"fusion-layout-column fusion_builder_column fusion-builder-column-1 fusion_builder_column_1_2 1_2 fusion-flex-column\" style=\"--awb-bg-blend:overlay;--awb-bg-size:cover;--awb-width-large:50%;--awb-margin-top-large:0px;--awb-spacing-right-large:3.84%;--awb-margin-bottom-large:0px;--awb-spacing-left-large:3.84%;--awb-width-medium:50%;--awb-spacing-right-medium:3.84%;--awb-spacing-left-medium:3.84%;--awb-width-small:100%;--awb-spacing-right-small:1.92%;--awb-spacing-left-small:1.92%;\"><div class=\"fusion-column-wrapper fusion-flex-justify-content-flex-start fusion-content-layout-column\"><div class=\"fusion-text fusion-text-2\"><p><strong style=\"background-color: rgba(255, 255, 255, 0); color: var(--body_typography-color); font-family: var(--body_typography-font-family); font-size: var(--body_typography-font-size); font-style: var(--body_typography-font-style,normal); letter-spacing: var(--body_typography-letter-spacing);\">Informazioni sulla protezione dei dati in base alle offerte dei clienti<\/strong><\/p>\n<p>Al fine di adempiere ai nostri obblighi di informazione sulla protezione dei dati, abbiamo creato informazioni separate sulla protezione dei dati per le nostre offerte ai clienti per una migliore leggibilit\u00e0 e trasparenza. Cliccando sul link<em>&#8220;Informativa sulla protezione dei dati<\/em>&#8221; presente nell&#8217;offerta al cliente, verrai reindirizzato al documento corrispondente.<br \/>\nNell&#8217;informativa sulla protezione dei dati per offerta al cliente, ti informiamo in modo dettagliato sui seguenti aspetti <\/p>\n<ul>\n<li>chi siamo e come puoi metterti in contatto con noi,<\/li>\n<li>a quali prodotti si riferiscono le informazioni sulla protezione dei dati,<\/li>\n<li>quali categorie di dati personali trattiamo,<\/li>\n<li>da quali fonti otteniamo i dati,<\/li>\n<li>le finalit\u00e0 per cui trattiamo i dati personali (anche all&#8217;interno del gruppo di aziende),<\/li>\n<li>su quale base giuridica lo facciamo,<\/li>\n<li>a cui possiamo trasferire i dati personali,<\/li>\n<li>per quanto tempo conserviamo i dati personali e<\/li>\n<li>quali sono i tuoi diritti in relazione ai dati personali trattati.<\/li>\n<\/ul>\n<p>Nella misura in cui le informazioni sulla protezione dei dati si riferiscono al fatto che effettuiamo un trattamento dei dati basato sul tuo consenso, ci\u00f2 presuppone naturalmente che tu ci abbia effettivamente dato tale consenso. In assenza di consenso, non effettueremo alcun trattamento dei dati basato sul consenso in relazione alla tua persona. <\/p>\n<p>Naturalmente, i nostri servizi online (siti web) possono essere visitati anche senza fornire alcuna informazione personale sull&#8217;utente. In questo caso, ma anche nel caso di utilizzo dell&#8217;offerta online da parte di utenti registrati, vengono memorizzati i dati di accesso senza riferimenti personali (ad esempio, il nome del provider di servizi Internet, la pagina da cui l&#8217;utente visita i siti web, l&#8217;indirizzo IP anonimizzato, la data e l&#8217;ora della visita). Le informazioni sulla protezione dei dati relative a questo tipo di trattamento sono disponibili, oltre alle informazioni sulla protezione dei dati individuali, nella<a href=\"http:\/\/www.pfarrplatz.com\/DSGVO\/09_4_Cookie_Information_Pfarrplatz.pdf\" target=\"_blank\" rel=\"noopener noreferrer\">&#8220;Informativa sui cookie<\/a>&#8220;. Questa informativa contiene anche spiegazioni sui &#8220;social plug-in&#8221;, che possono essere utilizzati per condividere i contenuti del nostro sito web con altri siti web.   <\/p>\n<p><strong>Le nostre offerte per i clienti sono:<\/strong><\/p>\n<ul>\n<li><u>Servizi online (informazioni, servizio di newsletter, negozio online)<\/u><a href=\"http:\/\/www.pfarrplatz.com\/DSGVO\/09_1_DSI_Online_Dienste_Pfarrplatz.pdf\" target=\"_blank\" rel=\"noopener noreferrer\">Informazioni sulla protezione dei dati personali nei servizi online<\/a><br \/>\n<a href=\"http:\/\/www.pfarrplatz.com\/DSGVO\/09_2_DSI_Newsletter_Pfarrplatz.pdf\" target=\"_blank\" rel=\"noopener noreferrer\">Informazioni sulla protezione dei dati della newsletter<\/a><\/li>\n<\/ul>\n<ul>\n<li><u>Concorsi<\/u><a href=\"http:\/\/www.pfarrplatz.com\/DSGVO\/09_3_DSI_Gewinnspiele_Pfarrplatz.pdf\" target=\"_blank\" rel=\"noopener noreferrer\">Informazioni sulla protezione dei dati per i concorsi<\/a><\/li>\n<\/ul>\n<ul>\n<li><u>Visita del sito web per gli utenti non registrati<\/u><a href=\"http:\/\/www.pfarrplatz.com\/DSGVO\/09_4_Cookie_Information_Pfarrplatz.pdf\" target=\"_blank\" rel=\"noopener noreferrer\">Informazioni sui cookie<\/a><\/li>\n<\/ul>\n<p><strong>Contatti<\/strong><br \/>\nSe desideri aggiornare i tuoi dati, l&#8217;utilizzo dei dati o il tuo canale di comunicazione preferito, o se non desideri pi\u00f9 ricevere comunicazioni da Pfarrplatz GastronomiebetriebsGmbH o desideri opporti al trattamento dei dati, puoi farlo in qualsiasi momento, senza fornire motivazioni, utilizzando i seguenti recapiti:<\/p>\n<ul>\n<li>Per e-mail: <a href=\"mailto:office@pfarrplatz.at\">office@pfarrplatz.at<\/a><\/li>\n<li>Per telefono: 0043 1 370 12 87<\/li>\n<li>Per posta: Pfarrplatz Gastronomiebetriebs GmbH,<br \/>\nPfarrplatz 2,<br \/>\n1190 Vienna<\/li>\n<\/ul>\n<p>Se hai commenti o domande sulla protezione dei dati o sulle nostre informazioni sulla protezione dei dati, puoi contattarci in uno dei modi elencati di seguito:<\/p>\n<ul>\n<li>Per e-mail: <a href=\"mailto:office@pfarrplatz.at\">office@pfarrplatz.at<\/a><\/li>\n<li>Per telefono: 0043 1 370 12 87<\/li>\n<\/ul>\n<p><strong>Stato: maggio 2018<\/strong><\/p>\n<p><a href=\"http:\/\/www.pfarrplatz.com\/DSGVO\/09_Allgemeine_DSI_Pfarrplatz.pdf\" target=\"_blank\" rel=\"noopener noreferrer\"><strong>Scarica l&#8217;informativa generale sulla protezione dei dati in formato PDF.<\/strong><\/a><\/p>\n<\/div><\/div><\/div><\/div><\/div>\n","protected":false},"excerpt":{"rendered":"","protected":false},"author":1,"featured_media":0,"parent":0,"menu_order":0,"comment_status":"closed","ping_status":"closed","template":"","meta":{"_acf_changed":false,"footnotes":""},"class_list":["post-18022","page","type-page","status-publish","hentry"],"acf":[],"yoast_head":"<!-- This site is optimized with the Yoast SEO plugin v27.4 - https:\/\/yoast.com\/product\/yoast-seo-wordpress\/ -->\n<title>Protezione dei dati - Heuriger Mayer am Pfarrplatz<\/title>\n<meta name=\"robots\" content=\"index, follow, max-snippet:-1, max-image-preview:large, max-video-preview:-1\" \/>\n<link rel=\"canonical\" href=\"https:\/\/www.pfarrplatz.at\/it\/protezione-dei-dati\/\" \/>\n<meta property=\"og:locale\" content=\"it_IT\" \/>\n<meta property=\"og:type\" content=\"article\" \/>\n<meta property=\"og:title\" content=\"Protezione dei dati - Heuriger Mayer am Pfarrplatz\" \/>\n<meta property=\"og:url\" content=\"https:\/\/www.pfarrplatz.at\/it\/protezione-dei-dati\/\" \/>\n<meta property=\"og:site_name\" content=\"Heuriger Mayer am Pfarrplatz\" \/>\n<meta property=\"article:publisher\" content=\"https:\/\/www.facebook.com\/mayerampfarrplatz\" \/>\n<meta property=\"article:modified_time\" content=\"2025-09-26T09:40:03+00:00\" \/>\n<meta name=\"twitter:card\" content=\"summary_large_image\" \/>\n<meta name=\"twitter:label1\" content=\"Tempo di lettura stimato\" \/>\n\t<meta name=\"twitter:data1\" content=\"6 minuti\" \/>\n<script type=\"application\/ld+json\" class=\"yoast-schema-graph\">{\"@context\":\"https:\\\/\\\/schema.org\",\"@graph\":[{\"@type\":\"WebPage\",\"@id\":\"https:\\\/\\\/www.pfarrplatz.at\\\/it\\\/protezione-dei-dati\\\/\",\"url\":\"https:\\\/\\\/www.pfarrplatz.at\\\/it\\\/protezione-dei-dati\\\/\",\"name\":\"Protezione dei dati - Heuriger Mayer am Pfarrplatz\",\"isPartOf\":{\"@id\":\"https:\\\/\\\/www.pfarrplatz.at\\\/de\\\/#website\"},\"datePublished\":\"2022-02-21T08:31:03+00:00\",\"dateModified\":\"2025-09-26T09:40:03+00:00\",\"breadcrumb\":{\"@id\":\"https:\\\/\\\/www.pfarrplatz.at\\\/it\\\/protezione-dei-dati\\\/#breadcrumb\"},\"inLanguage\":\"it-IT\",\"potentialAction\":[{\"@type\":\"ReadAction\",\"target\":[\"https:\\\/\\\/www.pfarrplatz.at\\\/it\\\/protezione-dei-dati\\\/\"]}]},{\"@type\":\"BreadcrumbList\",\"@id\":\"https:\\\/\\\/www.pfarrplatz.at\\\/it\\\/protezione-dei-dati\\\/#breadcrumb\",\"itemListElement\":[{\"@type\":\"ListItem\",\"position\":1,\"name\":\"Sito iniziale\",\"item\":\"https:\\\/\\\/www.pfarrplatz.at\\\/it\\\/\"},{\"@type\":\"ListItem\",\"position\":2,\"name\":\"Protezione dei dati\"}]},{\"@type\":\"WebSite\",\"@id\":\"https:\\\/\\\/www.pfarrplatz.at\\\/de\\\/#website\",\"url\":\"https:\\\/\\\/www.pfarrplatz.at\\\/de\\\/\",\"name\":\"Heuriger Mayer am Pfarrplatz\",\"description\":\"\",\"publisher\":{\"@id\":\"https:\\\/\\\/www.pfarrplatz.at\\\/de\\\/#organization\"},\"potentialAction\":[{\"@type\":\"SearchAction\",\"target\":{\"@type\":\"EntryPoint\",\"urlTemplate\":\"https:\\\/\\\/www.pfarrplatz.at\\\/de\\\/?s={search_term_string}\"},\"query-input\":{\"@type\":\"PropertyValueSpecification\",\"valueRequired\":true,\"valueName\":\"search_term_string\"}}],\"inLanguage\":\"it-IT\"},{\"@type\":\"Organization\",\"@id\":\"https:\\\/\\\/www.pfarrplatz.at\\\/de\\\/#organization\",\"name\":\"Heuriger Mayer am Pfarrplatz\",\"url\":\"https:\\\/\\\/www.pfarrplatz.at\\\/de\\\/\",\"logo\":{\"@type\":\"ImageObject\",\"inLanguage\":\"it-IT\",\"@id\":\"https:\\\/\\\/www.pfarrplatz.at\\\/de\\\/#\\\/schema\\\/logo\\\/image\\\/\",\"url\":\"https:\\\/\\\/www.pfarrplatz.at\\\/wp-content\\\/uploads\\\/sites\\\/25\\\/2022\\\/02\\\/mayer_am_pfarrplatz-1-1-300x300-1.png\",\"contentUrl\":\"https:\\\/\\\/www.pfarrplatz.at\\\/wp-content\\\/uploads\\\/sites\\\/25\\\/2022\\\/02\\\/mayer_am_pfarrplatz-1-1-300x300-1.png\",\"width\":300,\"height\":300,\"caption\":\"Heuriger Mayer am Pfarrplatz\"},\"image\":{\"@id\":\"https:\\\/\\\/www.pfarrplatz.at\\\/de\\\/#\\\/schema\\\/logo\\\/image\\\/\"},\"sameAs\":[\"https:\\\/\\\/www.facebook.com\\\/mayerampfarrplatz\",\"https:\\\/\\\/www.instagram.com\\\/mayerampfarrplatz.pfarrwirt\\\/\"]}]}<\/script>\n<!-- \/ Yoast SEO plugin. -->","yoast_head_json":{"title":"Protezione dei dati - Heuriger Mayer am Pfarrplatz","robots":{"index":"index","follow":"follow","max-snippet":"max-snippet:-1","max-image-preview":"max-image-preview:large","max-video-preview":"max-video-preview:-1"},"canonical":"https:\/\/www.pfarrplatz.at\/it\/protezione-dei-dati\/","og_locale":"it_IT","og_type":"article","og_title":"Protezione dei dati - Heuriger Mayer am Pfarrplatz","og_url":"https:\/\/www.pfarrplatz.at\/it\/protezione-dei-dati\/","og_site_name":"Heuriger Mayer am Pfarrplatz","article_publisher":"https:\/\/www.facebook.com\/mayerampfarrplatz","article_modified_time":"2025-09-26T09:40:03+00:00","twitter_card":"summary_large_image","twitter_misc":{"Tempo di lettura stimato":"6 minuti"},"schema":{"@context":"https:\/\/schema.org","@graph":[{"@type":"WebPage","@id":"https:\/\/www.pfarrplatz.at\/it\/protezione-dei-dati\/","url":"https:\/\/www.pfarrplatz.at\/it\/protezione-dei-dati\/","name":"Protezione dei dati - Heuriger Mayer am Pfarrplatz","isPartOf":{"@id":"https:\/\/www.pfarrplatz.at\/de\/#website"},"datePublished":"2022-02-21T08:31:03+00:00","dateModified":"2025-09-26T09:40:03+00:00","breadcrumb":{"@id":"https:\/\/www.pfarrplatz.at\/it\/protezione-dei-dati\/#breadcrumb"},"inLanguage":"it-IT","potentialAction":[{"@type":"ReadAction","target":["https:\/\/www.pfarrplatz.at\/it\/protezione-dei-dati\/"]}]},{"@type":"BreadcrumbList","@id":"https:\/\/www.pfarrplatz.at\/it\/protezione-dei-dati\/#breadcrumb","itemListElement":[{"@type":"ListItem","position":1,"name":"Sito iniziale","item":"https:\/\/www.pfarrplatz.at\/it\/"},{"@type":"ListItem","position":2,"name":"Protezione dei dati"}]},{"@type":"WebSite","@id":"https:\/\/www.pfarrplatz.at\/de\/#website","url":"https:\/\/www.pfarrplatz.at\/de\/","name":"Heuriger Mayer am Pfarrplatz","description":"","publisher":{"@id":"https:\/\/www.pfarrplatz.at\/de\/#organization"},"potentialAction":[{"@type":"SearchAction","target":{"@type":"EntryPoint","urlTemplate":"https:\/\/www.pfarrplatz.at\/de\/?s={search_term_string}"},"query-input":{"@type":"PropertyValueSpecification","valueRequired":true,"valueName":"search_term_string"}}],"inLanguage":"it-IT"},{"@type":"Organization","@id":"https:\/\/www.pfarrplatz.at\/de\/#organization","name":"Heuriger Mayer am Pfarrplatz","url":"https:\/\/www.pfarrplatz.at\/de\/","logo":{"@type":"ImageObject","inLanguage":"it-IT","@id":"https:\/\/www.pfarrplatz.at\/de\/#\/schema\/logo\/image\/","url":"https:\/\/www.pfarrplatz.at\/wp-content\/uploads\/sites\/25\/2022\/02\/mayer_am_pfarrplatz-1-1-300x300-1.png","contentUrl":"https:\/\/www.pfarrplatz.at\/wp-content\/uploads\/sites\/25\/2022\/02\/mayer_am_pfarrplatz-1-1-300x300-1.png","width":300,"height":300,"caption":"Heuriger Mayer am Pfarrplatz"},"image":{"@id":"https:\/\/www.pfarrplatz.at\/de\/#\/schema\/logo\/image\/"},"sameAs":["https:\/\/www.facebook.com\/mayerampfarrplatz","https:\/\/www.instagram.com\/mayerampfarrplatz.pfarrwirt\/"]}]}},"_links":{"self":[{"href":"https:\/\/www.pfarrplatz.at\/it\/wp-json\/wp\/v2\/pages\/18022","targetHints":{"allow":["GET"]}}],"collection":[{"href":"https:\/\/www.pfarrplatz.at\/it\/wp-json\/wp\/v2\/pages"}],"about":[{"href":"https:\/\/www.pfarrplatz.at\/it\/wp-json\/wp\/v2\/types\/page"}],"author":[{"embeddable":true,"href":"https:\/\/www.pfarrplatz.at\/it\/wp-json\/wp\/v2\/users\/1"}],"replies":[{"embeddable":true,"href":"https:\/\/www.pfarrplatz.at\/it\/wp-json\/wp\/v2\/comments?post=18022"}],"version-history":[{"count":6,"href":"https:\/\/www.pfarrplatz.at\/it\/wp-json\/wp\/v2\/pages\/18022\/revisions"}],"predecessor-version":[{"id":18061,"href":"https:\/\/www.pfarrplatz.at\/it\/wp-json\/wp\/v2\/pages\/18022\/revisions\/18061"}],"wp:attachment":[{"href":"https:\/\/www.pfarrplatz.at\/it\/wp-json\/wp\/v2\/media?parent=18022"}],"curies":[{"name":"wp","href":"https:\/\/api.w.org\/{rel}","templated":true}]}}