{"id":18034,"date":"2022-02-21T09:31:03","date_gmt":"2022-02-21T08:31:03","guid":{"rendered":"https:\/\/www.pfarrplatz.at\/adatvedelem\/"},"modified":"2025-09-26T11:40:04","modified_gmt":"2025-09-26T09:40:04","slug":"adatvedelem","status":"publish","type":"page","link":"https:\/\/www.pfarrplatz.at\/hu\/adatvedelem\/","title":{"rendered":"Adatv\u00e9delem"},"content":{"rendered":"<div class=\"fusion-fullwidth fullwidth-box fusion-builder-row-1 fusion-flex-container nonhundred-percent-fullwidth non-hundred-percent-height-scrolling\" style=\"--awb-border-radius-top-left:0px;--awb-border-radius-top-right:0px;--awb-border-radius-bottom-right:0px;--awb-border-radius-bottom-left:0px;--awb-padding-top:50px;--awb-flex-wrap:wrap;\" ><div class=\"fusion-builder-row fusion-row fusion-flex-align-items-flex-start fusion-flex-content-wrap\" style=\"max-width:104%;margin-left: calc(-4% \/ 2 );margin-right: calc(-4% \/ 2 );\"><div class=\"fusion-layout-column fusion_builder_column fusion-builder-column-0 fusion_builder_column_1_2 1_2 fusion-flex-column\" style=\"--awb-bg-blend:overlay;--awb-bg-size:cover;--awb-width-large:50%;--awb-margin-top-large:0px;--awb-spacing-right-large:3.84%;--awb-margin-bottom-large:0px;--awb-spacing-left-large:3.84%;--awb-width-medium:50%;--awb-spacing-right-medium:3.84%;--awb-spacing-left-medium:3.84%;--awb-width-small:100%;--awb-spacing-right-small:1.92%;--awb-spacing-left-small:1.92%;\"><div class=\"fusion-column-wrapper fusion-flex-justify-content-flex-start fusion-content-layout-column\"><div class=\"fusion-text fusion-text-1\" style=\"--awb-text-transform:none;\"><p>K\u00f6sz\u00f6nj\u00fck, hogy \u00e9rdekl\u0151dik c\u00e9g\u00fcnk \u00e9s weboldalunk, a pfarrplatz.at ir\u00e1nt. A Pfarrplatz Gastronomiebetriebs GmbH, FN 95985f, sz\u00e9khelye: Pfarrplatz 2, 1190 B\u00e9cs, a &#8222;www.pfarrplatz.at&#8221; webc\u00edm alatt online port\u00e1lt \u00fczemeltet \u00fcgyfelei sz\u00e1m\u00e1ra. A Pfarrplatz Gastronomiebetriebs GmbH-ra vonatkoz\u00f3 tov\u00e1bbi inform\u00e1ci\u00f3k az <a href=\"http:\/\/www.pfarrplatz.at\/de\/infos\/impressum.html\">ezen az oldalon tal\u00e1lhat\u00f3 jogi k\u00f6zlem\u00e9nyben<\/a> tal\u00e1lhat\u00f3k. Ez az adatv\u00e9delmi t\u00e1j\u00e9koztat\u00f3 a Pfarrplatz Gastronomiebetriebs GmbH nev\u00e9ben tett \u00e9s az online port\u00e1lon k\u00edn\u00e1lt \u00fcgyf\u00e9laj\u00e1nlatokra vonatkozik.   <\/p>\n<p>A Pfarrplatz Gastronomiebetriebs GmbH egy v\u00e1llalatcsoport tagja. A Pfarrplatz Gastronomiebetriebs GmbH k\u00f6telezetts\u00e9geinek teljes\u00edt\u00e9se \u00e9rdek\u00e9ben a csoporthoz tartoz\u00f3, munkamegoszt\u00e1sban m\u0171k\u00f6d\u0151 v\u00e1llalatokat is ig\u00e9nybe vesz. A jelen adatv\u00e9delmi t\u00e1j\u00e9koztat\u00f3 hat\u00e1lya al\u00e1 tartoz\u00f3 v\u00e1llalatok list\u00e1ja <a href=\"http:\/\/www.pfarrplatz.com\/DSGVO\/07_Unternehmen_Pfarrplatz.pdf\" target=\"_blank\" rel=\"noopener noreferrer\">itt<\/a> tal\u00e1lhat\u00f3.  <\/p>\n<p><strong>Az inform\u00e1ci\u00f3 t\u00e1rgya<\/strong><br \/>\nEz az \u00e1ltal\u00e1nos adatv\u00e9delmi t\u00e1j\u00e9koztat\u00f3 ismerteti \u00e9s magyar\u00e1zza az adatv\u00e9delem \u00e9s az \u00e1ltal\u00e1nos biztons\u00e1gi int\u00e9zked\u00e9sek ir\u00e1nti alapvet\u0151 elk\u00f6telezetts\u00e9g\u00fcnket. Adatv\u00e9delmi t\u00e1j\u00e9koztat\u00e1si k\u00f6telezetts\u00e9geinknek \u00fagy tesz\u00fcnk eleget, hogy az egyes \u00fcgyf\u00e9laj\u00e1nlatokhoz k\u00fcl\u00f6n adatv\u00e9delmi t\u00e1j\u00e9koztat\u00f3t adunk, amely jelen adatv\u00e9delmi t\u00e1j\u00e9koztat\u00f3 szerves r\u00e9sz\u00e9t k\u00e9pezi. Tov\u00e1bbi inform\u00e1ci\u00f3k \u00e9s a dokumentumokhoz vezet\u0151 link az al\u00e1bbiakban, az<a href=\"https:\/\/www.pfarrplatz.at\/hu\/adatvedelem\/?builder=true&#038;builder_id=6a42d3528d320a1682aa30e7b6a317ec#kundenangebote\">&#8222;Adatv\u00e9delmi inform\u00e1ci\u00f3k \u00fcgyf\u00e9laj\u00e1nlatonk\u00e9nt<\/a>&#8221; men\u00fcpont alatt tal\u00e1lhat\u00f3.<em><strong>.<\/strong><\/em>  <\/p>\n<p><strong>Biztons\u00e1gi int\u00e9zked\u00e9sek<\/strong><br \/>\nAz \u00d6n szem\u00e9lyes adatainak \u00e9s azon inform\u00e1ci\u00f3knak a v\u00e9delme, amelyek alapj\u00e1n meg\u00e1llap\u00edthat\u00f3 az \u00d6n szem\u00e9lyazonoss\u00e1ga, nagyon fontos sz\u00e1munkra. A Pfarrplatz Gastronomiebetriebs GmbH c\u00e9lja, hogy folyamatosan megfeleljen \u00fcgyfeleink term\u00e9keinkkel \u00e9s szolg\u00e1ltat\u00e1sainkkal szemben t\u00e1masztott elv\u00e1r\u00e1sainak. Ez mag\u00e1ban foglalja az \u00d6n \u00e1ltal az \u00fcgyf\u00e9lkapcsolatunk keret\u00e9ben r\u00e1nk b\u00edzott adatok felel\u0151s kezel\u00e9s\u00e9t is. Elk\u00f6telezettek vagyunk az \u00d6n adatainak a hat\u00e1lyos adatv\u00e9delmi t\u00f6rv\u00e9nyeknek megfelel\u0151 v\u00e9delme ir\u00e1nt.<br \/>\nEz\u00e9rt folyamatosan dolgozunk technikai \u00e9s fizikai biztons\u00e1gi szab\u00e1lyaink fel\u00fclvizsg\u00e1lat\u00e1n \u00e9s jav\u00edt\u00e1s\u00e1n. Egy biztons\u00e1gi koncepci\u00f3ban biztons\u00e1gi int\u00e9zked\u00e9seket vezett\u00fcnk be szab\u00e1lyok \u00e9s \u00f3vint\u00e9zked\u00e9sek r\u00e9v\u00e9n, hogy az \u00d6n szem\u00e9lyes adatait a Pfarrplatz Gastronomiebetriebs GmbH \u00e1ltal \u00fczemeltetett valamennyi weboldalon \u00e9s szerveren megv\u00e9dj\u00fck a nem sz\u00e1nd\u00e9kos elveszt\u00e9st\u0151l, vissza\u00e9l\u00e9st\u0151l \u00e9s megv\u00e1ltoztat\u00e1st\u00f3l, am\u00edg azok a mi ir\u00e1ny\u00edt\u00e1sunk alatt \u00e1llnak.<br \/>\nAz adatv\u00e9delmi el\u0151\u00edr\u00e1sok betart\u00e1s\u00e1t a munkat\u00e1rsak rendszeres k\u00e9pz\u00e9s\u00e9vel, adatv\u00e9delmi koordin\u00e1tor biztos\u00edt\u00e1s\u00e1val, valamint az alkalmazottak \u00e9s a k\u00fcls\u0151 adatfeldolgoz\u00f3k adattitoktart\u00e1si k\u00f6telezetts\u00e9g\u00e9nek \u00edr\u00e1sba foglal\u00e1s\u00e1val is biztos\u00edtjuk.    <\/p>\n<p><strong>Kiskor\u00faak<\/strong><br \/>\nNem \u00e1ll sz\u00e1nd\u00e9kunkban szem\u00e9lyes adatokat gy\u0171jteni kiskor\u00faakt\u00f3l; sajnos azonban nem mindig tudjuk ellen\u0151rizni a honlapjainkat l\u00e1togat\u00f3 \u00e9s haszn\u00e1l\u00f3 szem\u00e9lyek \u00e9letkor\u00e1t. Ha egy kiskor\u00fa a t\u00f6rv\u00e9nyes k\u00e9pvisel\u0151je enged\u00e9lye n\u00e9lk\u00fcl adja meg nek\u00fcnk az adatait, megk\u00e9rj\u00fck, hogy l\u00e9pjen kapcsolatba vel\u00fcnk, hogy ezeket az adatokat t\u00f6r\u00f6lhess\u00fck, \u00e9s a kiskor\u00fat t\u00f6bb\u00e9 ne keress\u00fck meg (pl. rekl\u00e1manyagok). El\u00e9rhet\u0151s\u00e9g: <a href=\"mailto:office@pfarrplatz.at\">office@pfarrplatz.at<\/a><\/p>\n<\/div><\/div><\/div><div class=\"fusion-layout-column fusion_builder_column fusion-builder-column-1 fusion_builder_column_1_2 1_2 fusion-flex-column\" style=\"--awb-bg-blend:overlay;--awb-bg-size:cover;--awb-width-large:50%;--awb-margin-top-large:0px;--awb-spacing-right-large:3.84%;--awb-margin-bottom-large:0px;--awb-spacing-left-large:3.84%;--awb-width-medium:50%;--awb-spacing-right-medium:3.84%;--awb-spacing-left-medium:3.84%;--awb-width-small:100%;--awb-spacing-right-small:1.92%;--awb-spacing-left-small:1.92%;\"><div class=\"fusion-column-wrapper fusion-flex-justify-content-flex-start fusion-content-layout-column\"><div class=\"fusion-text fusion-text-2\"><p><strong style=\"background-color: rgba(255, 255, 255, 0); color: var(--body_typography-color); font-family: var(--body_typography-font-family); font-size: var(--body_typography-font-size); font-style: var(--body_typography-font-style,normal); letter-spacing: var(--body_typography-letter-spacing);\">Adatv\u00e9delmi inform\u00e1ci\u00f3k az \u00fcgyfelek aj\u00e1nlatai szerint<\/strong><\/p>\n<p>Adatv\u00e9delmi t\u00e1j\u00e9koztat\u00e1si k\u00f6telezetts\u00e9geink teljes\u00edt\u00e9se \u00e9rdek\u00e9ben a jobb olvashat\u00f3s\u00e1g \u00e9s \u00e1tl\u00e1that\u00f3s\u00e1g \u00e9rdek\u00e9ben k\u00fcl\u00f6n adatv\u00e9delmi t\u00e1j\u00e9koztat\u00f3t k\u00e9sz\u00edtett\u00fcnk az \u00fcgyf\u00e9laj\u00e1nlatainkhoz. Az \u00fcgyf\u00e9laj\u00e1nlatban felt\u00fcntetett<em>&#8222;Adatv\u00e9delmi t\u00e1j\u00e9koztat\u00f3<\/em>&#8221; linkre kattintva a megfelel\u0151 dokumentumhoz jut.<br \/>\nAz \u00fcgyf\u00e9laj\u00e1nlatok szerinti adatv\u00e9delmi t\u00e1j\u00e9koztat\u00f3ban r\u00e9szletesen t\u00e1j\u00e9koztatjuk \u00d6nt az al\u00e1bbiakr\u00f3l. <\/p>\n<ul>\n<li>kik vagyunk \u00e9s hogyan l\u00e9phet vel\u00fcnk kapcsolatba,<\/li>\n<li>mely term\u00e9kekre vonatkoznak az adatv\u00e9delmi inform\u00e1ci\u00f3k,<\/li>\n<li>a szem\u00e9lyes adatok mely kateg\u00f3ri\u00e1it dolgozzuk fel,<\/li>\n<li>milyen forr\u00e1sokb\u00f3l szerezz\u00fck be az adatokat,<\/li>\n<li>a szem\u00e9lyes adatok feldolgoz\u00e1s\u00e1nak c\u00e9ljai (bele\u00e9rtve a v\u00e1llalatcsoporton bel\u00fcli feldolgoz\u00e1st is),<\/li>\n<li>milyen jogalapon tessz\u00fck ezt,<\/li>\n<li>akiknek szem\u00e9lyes adatokat tov\u00e1bb\u00edthatunk,<\/li>\n<li>mennyi ideig t\u00e1roljuk a szem\u00e9lyes adatokat \u00e9s<\/li>\n<li>milyen jogai vannak a feldolgozott szem\u00e9lyes adatokkal kapcsolatban.<\/li>\n<\/ul>\n<p>Amennyiben az adatv\u00e9delmi inform\u00e1ci\u00f3k arra utalnak, hogy az adatfeldolgoz\u00e1st az \u00d6n hozz\u00e1j\u00e1rul\u00e1sa alapj\u00e1n v\u00e9gezz\u00fck, ez term\u00e9szetesen felt\u00e9telezi, hogy \u00d6n t\u00e9nylegesen megadta nek\u00fcnk ezt a hozz\u00e1j\u00e1rul\u00e1st. Ha nincs beleegyez\u00e9se, akkor az \u00d6n szem\u00e9ly\u00e9vel kapcsolatban nem v\u00e9gz\u00fcnk olyan adatfeldolgoz\u00e1st, amelyet beleegyez\u00e9sen alapozunk. <\/p>\n<p>Term\u00e9szetesen online szolg\u00e1ltat\u00e1saink (webhelyek) a felhaszn\u00e1l\u00f3 szem\u00e9lyes adatainak megad\u00e1sa n\u00e9lk\u00fcl is l\u00e1togathat\u00f3k. Ebben az esetben, de az online aj\u00e1nlat regisztr\u00e1lt felhaszn\u00e1l\u00f3k \u00e1ltali haszn\u00e1lata eset\u00e9n is, szem\u00e9lyes hivatkoz\u00e1s n\u00e9lk\u00fcli hozz\u00e1f\u00e9r\u00e9si adatok (pl. az internetszolg\u00e1ltat\u00f3 neve, az oldal, ahonnan a felhaszn\u00e1l\u00f3 a weboldalakat l\u00e1togatja, az anonimiz\u00e1lt IP-c\u00edm, a l\u00e1togat\u00e1s d\u00e1tuma \u00e9s id\u0151pontja) ker\u00fclnek t\u00e1rol\u00e1sra. Az ilyen t\u00edpus\u00fa adatfeldolgoz\u00e1sra vonatkoz\u00f3 adatv\u00e9delmi inform\u00e1ci\u00f3k az egy\u00e9ni adatv\u00e9delmi inform\u00e1ci\u00f3k mellett a<a href=\"http:\/\/www.pfarrplatz.com\/DSGVO\/09_4_Cookie_Information_Pfarrplatz.pdf\" target=\"_blank\" rel=\"noopener noreferrer\">&#8222;Cookie-inform\u00e1ci\u00f3k<\/a>&#8221; k\u00f6z\u00f6tt tal\u00e1lhat\u00f3k. Ez az inform\u00e1ci\u00f3 a &#8222;k\u00f6z\u00f6ss\u00e9gi b\u0151v\u00edtm\u00e9nyekre&#8221; vonatkoz\u00f3 magyar\u00e1zatokat is tartalmazza, amelyek seg\u00edts\u00e9g\u00e9vel a weboldalunk tartalm\u00e1t megoszthatja m\u00e1s weboldalakkal.   <\/p>\n<p><strong>\u00dcgyfeleink aj\u00e1nlatai a k\u00f6vetkez\u0151k:<\/strong><\/p>\n<ul>\n<li><u>Online szolg\u00e1ltat\u00e1sok (t\u00e1j\u00e9koztat\u00e1s, h\u00edrlev\u00e9l szolg\u00e1ltat\u00e1s, online \u00e1ruh\u00e1z)<\/u><a href=\"http:\/\/www.pfarrplatz.com\/DSGVO\/09_1_DSI_Online_Dienste_Pfarrplatz.pdf\" target=\"_blank\" rel=\"noopener noreferrer\">Adatv\u00e9delmi t\u00e1j\u00e9koztat\u00f3 online szolg\u00e1ltat\u00e1sok<\/a><br \/>\n<a href=\"http:\/\/www.pfarrplatz.com\/DSGVO\/09_2_DSI_Newsletter_Pfarrplatz.pdf\" target=\"_blank\" rel=\"noopener noreferrer\">H\u00edrlev\u00e9l adatv\u00e9delmi t\u00e1j\u00e9koztat\u00f3<\/a><\/li>\n<\/ul>\n<ul>\n<li><u>Versenyek<\/u><a href=\"http:\/\/www.pfarrplatz.com\/DSGVO\/09_3_DSI_Gewinnspiele_Pfarrplatz.pdf\" target=\"_blank\" rel=\"noopener noreferrer\">Adatv\u00e9delmi inform\u00e1ci\u00f3k a versenyvizsg\u00e1khoz<\/a><\/li>\n<\/ul>\n<ul>\n<li><u>A weboldal l\u00e1togat\u00e1sa nem regisztr\u00e1lt felhaszn\u00e1l\u00f3k sz\u00e1m\u00e1ra<\/u><a href=\"http:\/\/www.pfarrplatz.com\/DSGVO\/09_4_Cookie_Information_Pfarrplatz.pdf\" target=\"_blank\" rel=\"noopener noreferrer\">Cookie inform\u00e1ci\u00f3k<\/a><\/li>\n<\/ul>\n<p><strong>Kapcsolat<\/strong><br \/>\nHa friss\u00edteni szeretn\u00e9 adatait, az adatok felhaszn\u00e1l\u00e1s\u00e1t vagy az \u00d6n \u00e1ltal prefer\u00e1lt kommunik\u00e1ci\u00f3s csatorn\u00e1t, vagy ha a tov\u00e1bbiakban nem k\u00edv\u00e1n a Pfarrplatz GastronomiebetriebsGmbH-t\u00f3l \u00fczeneteket kapni, illetve ha tiltakozni k\u00edv\u00e1n az adatkezel\u00e9s ellen, akkor ezt b\u00e1rmikor, indokl\u00e1s n\u00e9lk\u00fcl megteheti az al\u00e1bbi el\u00e9rhet\u0151s\u00e9geken:<\/p>\n<ul>\n<li>E-mailben: <a href=\"mailto:office@pfarrplatz.at\">office@pfarrplatz.at<\/a><\/li>\n<li>Telefonon: 0043 1 370 12 87<\/li>\n<li>Postai \u00faton: Pfarrplatz Gastronomiebetriebs GmbH,<br \/>\nPfarrplatz 2,<br \/>\n1190 B\u00e9cs, 1190 B\u00e9cs.<\/li>\n<\/ul>\n<p>Ha b\u00e1rmilyen \u00e9szrev\u00e9tele vagy k\u00e9rd\u00e9se van az adatv\u00e9delemmel vagy az adatv\u00e9delmi inform\u00e1ci\u00f3inkkal kapcsolatban, az al\u00e1bbiakban felsorolt m\u00f3dokon l\u00e9phet kapcsolatba vel\u00fcnk:<\/p>\n<ul>\n<li>E-mailben: <a href=\"mailto:office@pfarrplatz.at\">office@pfarrplatz.at<\/a><\/li>\n<li>Telefonon: 0043 1 370 12 87<\/li>\n<\/ul>\n<p><strong>\u00c1llapot: 2018. m\u00e1jus<\/strong><\/p>\n<p><a href=\"http:\/\/www.pfarrplatz.com\/DSGVO\/09_Allgemeine_DSI_Pfarrplatz.pdf\" target=\"_blank\" rel=\"noopener noreferrer\"><strong>T\u00f6ltse le az \u00e1ltal\u00e1nos adatv\u00e9delmi t\u00e1j\u00e9koztat\u00f3t PDF form\u00e1tumban.<\/strong><\/a><\/p>\n<\/div><\/div><\/div><\/div><\/div>\n","protected":false},"excerpt":{"rendered":"","protected":false},"author":1,"featured_media":0,"parent":0,"menu_order":0,"comment_status":"closed","ping_status":"closed","template":"","meta":{"_acf_changed":false,"footnotes":""},"class_list":["post-18034","page","type-page","status-publish","hentry"],"acf":[],"yoast_head":"<!-- This site is optimized with the Yoast SEO plugin v27.4 - https:\/\/yoast.com\/product\/yoast-seo-wordpress\/ -->\n<title>Adatv\u00e9delem - Heuriger Mayer am Pfarrplatz<\/title>\n<meta name=\"robots\" content=\"index, follow, max-snippet:-1, max-image-preview:large, max-video-preview:-1\" \/>\n<link rel=\"canonical\" href=\"https:\/\/www.pfarrplatz.at\/hu\/adatvedelem\/\" \/>\n<meta property=\"og:locale\" content=\"hu_HU\" \/>\n<meta property=\"og:type\" content=\"article\" \/>\n<meta property=\"og:title\" content=\"Adatv\u00e9delem - Heuriger Mayer am Pfarrplatz\" \/>\n<meta property=\"og:url\" content=\"https:\/\/www.pfarrplatz.at\/hu\/adatvedelem\/\" \/>\n<meta property=\"og:site_name\" content=\"Heuriger Mayer am Pfarrplatz\" \/>\n<meta property=\"article:publisher\" content=\"https:\/\/www.facebook.com\/mayerampfarrplatz\" \/>\n<meta property=\"article:modified_time\" content=\"2025-09-26T09:40:04+00:00\" \/>\n<meta name=\"twitter:card\" content=\"summary_large_image\" \/>\n<meta name=\"twitter:label1\" content=\"Becs\u00fclt olvas\u00e1si id\u0151\" \/>\n\t<meta name=\"twitter:data1\" content=\"7 perc\" \/>\n<script type=\"application\/ld+json\" class=\"yoast-schema-graph\">{\"@context\":\"https:\\\/\\\/schema.org\",\"@graph\":[{\"@type\":\"WebPage\",\"@id\":\"https:\\\/\\\/www.pfarrplatz.at\\\/hu\\\/adatvedelem\\\/\",\"url\":\"https:\\\/\\\/www.pfarrplatz.at\\\/hu\\\/adatvedelem\\\/\",\"name\":\"Adatv\u00e9delem - Heuriger Mayer am Pfarrplatz\",\"isPartOf\":{\"@id\":\"https:\\\/\\\/www.pfarrplatz.at\\\/de\\\/#website\"},\"datePublished\":\"2022-02-21T08:31:03+00:00\",\"dateModified\":\"2025-09-26T09:40:04+00:00\",\"breadcrumb\":{\"@id\":\"https:\\\/\\\/www.pfarrplatz.at\\\/hu\\\/adatvedelem\\\/#breadcrumb\"},\"inLanguage\":\"hu\",\"potentialAction\":[{\"@type\":\"ReadAction\",\"target\":[\"https:\\\/\\\/www.pfarrplatz.at\\\/hu\\\/adatvedelem\\\/\"]}]},{\"@type\":\"BreadcrumbList\",\"@id\":\"https:\\\/\\\/www.pfarrplatz.at\\\/hu\\\/adatvedelem\\\/#breadcrumb\",\"itemListElement\":[{\"@type\":\"ListItem\",\"position\":1,\"name\":\"Kezd\u0151lap\",\"item\":\"https:\\\/\\\/www.pfarrplatz.at\\\/hu\\\/\"},{\"@type\":\"ListItem\",\"position\":2,\"name\":\"Adatv\u00e9delem\"}]},{\"@type\":\"WebSite\",\"@id\":\"https:\\\/\\\/www.pfarrplatz.at\\\/de\\\/#website\",\"url\":\"https:\\\/\\\/www.pfarrplatz.at\\\/de\\\/\",\"name\":\"Heuriger Mayer am Pfarrplatz\",\"description\":\"\",\"publisher\":{\"@id\":\"https:\\\/\\\/www.pfarrplatz.at\\\/de\\\/#organization\"},\"potentialAction\":[{\"@type\":\"SearchAction\",\"target\":{\"@type\":\"EntryPoint\",\"urlTemplate\":\"https:\\\/\\\/www.pfarrplatz.at\\\/de\\\/?s={search_term_string}\"},\"query-input\":{\"@type\":\"PropertyValueSpecification\",\"valueRequired\":true,\"valueName\":\"search_term_string\"}}],\"inLanguage\":\"hu\"},{\"@type\":\"Organization\",\"@id\":\"https:\\\/\\\/www.pfarrplatz.at\\\/de\\\/#organization\",\"name\":\"Heuriger Mayer am Pfarrplatz\",\"url\":\"https:\\\/\\\/www.pfarrplatz.at\\\/de\\\/\",\"logo\":{\"@type\":\"ImageObject\",\"inLanguage\":\"hu\",\"@id\":\"https:\\\/\\\/www.pfarrplatz.at\\\/de\\\/#\\\/schema\\\/logo\\\/image\\\/\",\"url\":\"https:\\\/\\\/www.pfarrplatz.at\\\/wp-content\\\/uploads\\\/sites\\\/25\\\/2022\\\/02\\\/mayer_am_pfarrplatz-1-1-300x300-1.png\",\"contentUrl\":\"https:\\\/\\\/www.pfarrplatz.at\\\/wp-content\\\/uploads\\\/sites\\\/25\\\/2022\\\/02\\\/mayer_am_pfarrplatz-1-1-300x300-1.png\",\"width\":300,\"height\":300,\"caption\":\"Heuriger Mayer am Pfarrplatz\"},\"image\":{\"@id\":\"https:\\\/\\\/www.pfarrplatz.at\\\/de\\\/#\\\/schema\\\/logo\\\/image\\\/\"},\"sameAs\":[\"https:\\\/\\\/www.facebook.com\\\/mayerampfarrplatz\",\"https:\\\/\\\/www.instagram.com\\\/mayerampfarrplatz.pfarrwirt\\\/\"]}]}<\/script>\n<!-- \/ Yoast SEO plugin. -->","yoast_head_json":{"title":"Adatv\u00e9delem - Heuriger Mayer am Pfarrplatz","robots":{"index":"index","follow":"follow","max-snippet":"max-snippet:-1","max-image-preview":"max-image-preview:large","max-video-preview":"max-video-preview:-1"},"canonical":"https:\/\/www.pfarrplatz.at\/hu\/adatvedelem\/","og_locale":"hu_HU","og_type":"article","og_title":"Adatv\u00e9delem - Heuriger Mayer am Pfarrplatz","og_url":"https:\/\/www.pfarrplatz.at\/hu\/adatvedelem\/","og_site_name":"Heuriger Mayer am Pfarrplatz","article_publisher":"https:\/\/www.facebook.com\/mayerampfarrplatz","article_modified_time":"2025-09-26T09:40:04+00:00","twitter_card":"summary_large_image","twitter_misc":{"Becs\u00fclt olvas\u00e1si id\u0151":"7 perc"},"schema":{"@context":"https:\/\/schema.org","@graph":[{"@type":"WebPage","@id":"https:\/\/www.pfarrplatz.at\/hu\/adatvedelem\/","url":"https:\/\/www.pfarrplatz.at\/hu\/adatvedelem\/","name":"Adatv\u00e9delem - Heuriger Mayer am Pfarrplatz","isPartOf":{"@id":"https:\/\/www.pfarrplatz.at\/de\/#website"},"datePublished":"2022-02-21T08:31:03+00:00","dateModified":"2025-09-26T09:40:04+00:00","breadcrumb":{"@id":"https:\/\/www.pfarrplatz.at\/hu\/adatvedelem\/#breadcrumb"},"inLanguage":"hu","potentialAction":[{"@type":"ReadAction","target":["https:\/\/www.pfarrplatz.at\/hu\/adatvedelem\/"]}]},{"@type":"BreadcrumbList","@id":"https:\/\/www.pfarrplatz.at\/hu\/adatvedelem\/#breadcrumb","itemListElement":[{"@type":"ListItem","position":1,"name":"Kezd\u0151lap","item":"https:\/\/www.pfarrplatz.at\/hu\/"},{"@type":"ListItem","position":2,"name":"Adatv\u00e9delem"}]},{"@type":"WebSite","@id":"https:\/\/www.pfarrplatz.at\/de\/#website","url":"https:\/\/www.pfarrplatz.at\/de\/","name":"Heuriger Mayer am Pfarrplatz","description":"","publisher":{"@id":"https:\/\/www.pfarrplatz.at\/de\/#organization"},"potentialAction":[{"@type":"SearchAction","target":{"@type":"EntryPoint","urlTemplate":"https:\/\/www.pfarrplatz.at\/de\/?s={search_term_string}"},"query-input":{"@type":"PropertyValueSpecification","valueRequired":true,"valueName":"search_term_string"}}],"inLanguage":"hu"},{"@type":"Organization","@id":"https:\/\/www.pfarrplatz.at\/de\/#organization","name":"Heuriger Mayer am Pfarrplatz","url":"https:\/\/www.pfarrplatz.at\/de\/","logo":{"@type":"ImageObject","inLanguage":"hu","@id":"https:\/\/www.pfarrplatz.at\/de\/#\/schema\/logo\/image\/","url":"https:\/\/www.pfarrplatz.at\/wp-content\/uploads\/sites\/25\/2022\/02\/mayer_am_pfarrplatz-1-1-300x300-1.png","contentUrl":"https:\/\/www.pfarrplatz.at\/wp-content\/uploads\/sites\/25\/2022\/02\/mayer_am_pfarrplatz-1-1-300x300-1.png","width":300,"height":300,"caption":"Heuriger Mayer am Pfarrplatz"},"image":{"@id":"https:\/\/www.pfarrplatz.at\/de\/#\/schema\/logo\/image\/"},"sameAs":["https:\/\/www.facebook.com\/mayerampfarrplatz","https:\/\/www.instagram.com\/mayerampfarrplatz.pfarrwirt\/"]}]}},"_links":{"self":[{"href":"https:\/\/www.pfarrplatz.at\/hu\/wp-json\/wp\/v2\/pages\/18034","targetHints":{"allow":["GET"]}}],"collection":[{"href":"https:\/\/www.pfarrplatz.at\/hu\/wp-json\/wp\/v2\/pages"}],"about":[{"href":"https:\/\/www.pfarrplatz.at\/hu\/wp-json\/wp\/v2\/types\/page"}],"author":[{"embeddable":true,"href":"https:\/\/www.pfarrplatz.at\/hu\/wp-json\/wp\/v2\/users\/1"}],"replies":[{"embeddable":true,"href":"https:\/\/www.pfarrplatz.at\/hu\/wp-json\/wp\/v2\/comments?post=18034"}],"version-history":[{"count":4,"href":"https:\/\/www.pfarrplatz.at\/hu\/wp-json\/wp\/v2\/pages\/18034\/revisions"}],"predecessor-version":[{"id":18062,"href":"https:\/\/www.pfarrplatz.at\/hu\/wp-json\/wp\/v2\/pages\/18034\/revisions\/18062"}],"wp:attachment":[{"href":"https:\/\/www.pfarrplatz.at\/hu\/wp-json\/wp\/v2\/media?parent=18034"}],"curies":[{"name":"wp","href":"https:\/\/api.w.org\/{rel}","templated":true}]}}