{"id":15581,"date":"2025-08-07T11:33:46","date_gmt":"2025-08-07T09:33:46","guid":{"rendered":"https:\/\/www.pfarrplatz.at\/nyilatkozat-az-akadalymentesitesrol\/"},"modified":"2025-09-26T11:20:03","modified_gmt":"2025-09-26T09:20:03","slug":"nyilatkozat-az-akadalymentesitesrol","status":"publish","type":"page","link":"https:\/\/www.pfarrplatz.at\/hu\/nyilatkozat-az-akadalymentesitesrol\/","title":{"rendered":"Nyilatkozat az akad\u00e1lymentes\u00edt\u00e9sr\u0151l"},"content":{"rendered":"<div class=\"fusion-fullwidth fullwidth-box fusion-builder-row-1 fusion-flex-container has-pattern-background has-mask-background nonhundred-percent-fullwidth non-hundred-percent-height-scrolling\" style=\"--awb-border-radius-top-left:0px;--awb-border-radius-top-right:0px;--awb-border-radius-bottom-right:0px;--awb-border-radius-bottom-left:0px;--awb-flex-wrap:wrap;\" ><div class=\"fusion-builder-row fusion-row fusion-flex-align-items-flex-start fusion-flex-content-wrap\" style=\"max-width:104%;margin-left: calc(-4% \/ 2 );margin-right: calc(-4% \/ 2 );\"><div class=\"fusion-layout-column fusion_builder_column fusion-builder-column-0 fusion_builder_column_1_1 1_1 fusion-flex-column\" style=\"--awb-bg-size:cover;--awb-width-large:100%;--awb-margin-top-large:60px;--awb-spacing-right-large:1.92%;--awb-margin-bottom-large:20px;--awb-spacing-left-large:1.92%;--awb-width-medium:100%;--awb-order-medium:0;--awb-spacing-right-medium:1.92%;--awb-spacing-left-medium:1.92%;--awb-width-small:100%;--awb-order-small:0;--awb-spacing-right-small:1.92%;--awb-spacing-left-small:1.92%;\" data-scroll-devices=\"small-visibility,medium-visibility,large-visibility\"><div class=\"fusion-column-wrapper fusion-column-has-shadow fusion-flex-justify-content-flex-start fusion-content-layout-column\"><div class=\"fusion-text fusion-text-1\" style=\"--awb-max-width:800px;--awb-margin-right:auto;--awb-margin-left:auto;\"><h2>Nyilatkozat a digit\u00e1lis hozz\u00e1f\u00e9rhet\u0151s\u00e9gr\u0151l<\/h2>\n<p>Ez az akad\u00e1lymentes\u00edt\u00e9si nyilatkozat a <a href=\"https:\/\/www.pfarrplatz.at\" target=\"_blank\" rel=\"noopener noreferrer\">www.pfarrplatz.at weboldalra vonatkozik .<\/a><\/p>\n<p>Arra t\u00f6reksz\u00fcnk, hogy weboldalunkat a <strong>webes akad\u00e1lymentes\u00edt\u00e9si t\u00f6rv\u00e9ny (WZG<\/strong> ) \u00e9s az <strong>EN 301 549 szabv\u00e1ny<\/strong> szerint tegy\u00fck hozz\u00e1f\u00e9rhet\u0151v\u00e9.<br \/>\nA k\u00f6vetelm\u00e9nyek megfelelnek a <strong>Web Content Accessibility Guidelines (WCAG) 2.1<\/strong>, AA megfelel\u0151s\u00e9gi szintnek.<\/p>\n<h3>A k\u00f6vetelm\u00e9nyekkel val\u00f3 \u00f6sszeegyeztethet\u0151s\u00e9g \u00e1llapota<\/h3>\n<p>Ez a weboldal <strong>r\u00e9szben megfelel<\/strong> a fenti k\u00f6vetelm\u00e9nyeknek.<\/p>\n<h3>Nem hozz\u00e1f\u00e9rhet\u0151 tartalom<\/h3>\n<p>Az al\u00e1bbiakban felsorolt tartalmak a k\u00f6vetkez\u0151 okok miatt nem vagy csak r\u00e9szben hozz\u00e1f\u00e9rhet\u0151ek:<\/p>\n<ul>\n<li>Egyes <strong>PDF-dokumentumok<\/strong> nem akad\u00e1lymentesek.<\/li>\n<li>A <strong>k\u00e9pekhez<\/strong> n\u00e9ha hi\u00e1nyoznak <strong>az alternat\u00edv sz\u00f6vegek<\/strong>.<\/li>\n<li><strong>Az Instagram k\u00f6rhinta<\/strong> nem tartalmaz egy\u00e9rtelm\u0171 szerepkioszt\u00e1st, \u00e9s a billenty\u0171zettel nem kezelhet\u0151 teljes m\u00e9rt\u00e9kben.<\/li>\n<li>A <strong>foglal\u00e1si eszk\u00f6znek<\/strong> probl\u00e9m\u00e1i vannak a sz\u00ednkontrasztos kialak\u00edt\u00e1ssal \u00e9s a billenty\u0171zetes navig\u00e1ci\u00f3val.<\/li>\n<li>Az <strong>\u00e1ltal\u00e1nos billenty\u0171zetes navig\u00e1ci\u00f3<\/strong> egyes oldalakon korl\u00e1tozott.<\/li>\n<li>A weboldalon nem minden <strong>sz\u00ednkontraszt<\/strong> felel meg az akad\u00e1lymentes\u00edt\u00e9si k\u00f6vetelm\u00e9nyeknek.<\/li>\n<\/ul>\n<p><strong>Indokl\u00e1s:<\/strong><br \/>\nE korl\u00e1toz\u00e1sok n\u00e9melyik\u00e9t jelenleg a technikai fel\u00fclvizsg\u00e1latok r\u00e9szek\u00e9nt korrig\u00e1lj\u00e1k.<br \/>\nA k\u00fcls\u0151leg integr\u00e1lt komponensek (pl. foglal\u00e1si eszk\u00f6z, k\u00f6z\u00f6ss\u00e9gi m\u00e9dia widgetek) eset\u00e9ben a megfelel\u0151 gy\u00e1rt\u00f3k hozz\u00e1f\u00e9rhet\u0151s\u00e9gi friss\u00edt\u00e9seit\u0151l f\u00fcgg\u00fcnk.<\/p>\n<h3>A nyilatkozat elk\u00e9sz\u00edt\u00e9se<\/h3>\n<p>Ez a nyilatkozat <strong>2025. augusztus 6-\u00e1n<\/strong> k\u00e9sz\u00fclt.<br \/>\nA nyilatkozatot egy harmadik f\u00e9l \u00e1ltal v\u00e9gzett \u00e9rt\u00e9kbecsl\u00e9s alapj\u00e1n k\u00e9sz\u00edtett\u00e9k el.<\/p>\n<h3>Visszajelz\u00e9s \u00e9s kapcsolatfelv\u00e9tel<\/h3>\n<p>Ha b\u00e1rmilyen akad\u00e1lyt \u00e9szlel a <a href=\"https:\/\/www.pfarrplatz.at\" target=\"_blank\" rel=\"noopener noreferrer\">www.pfarrplatz.at<\/a> oldalon, vagy ha akad\u00e1lymentes\u00edtett tartalomra van sz\u00fcks\u00e9ge, k\u00e9rj\u00fck, l\u00e9pjen kapcsolatba vel\u00fcnk: <\/p>\n<ul>\n<li>E-mail: <a href=\"mailto:mayer@pfarrplatz.at\">mayer@pfarrplatz.at<\/a><\/li>\n<li>Telefon: <a href=\"tel:+4313701287\">+43 (1) 370 12 87<\/a><\/li>\n<\/ul>\n<h3>V\u00e9grehajt\u00e1si elj\u00e1r\u00e1sok<\/h3>\n<p>Ha a fenti el\u00e9rhet\u0151s\u00e9gen nem kap kiel\u00e9g\u00edt\u0151 v\u00e1laszt, panaszt ny\u00fajthat be az <a class=\"glossar-hover\" title=\"Austrian Research Promotion Agency - kifejez\u00e9s keres\u00e9se a sz\u00f3jegyz\u00e9kben\" href=\"https:\/\/www.digitalbarrierefrei.at\/de\/glossar\/oesterreichische-forschungsfoerderungsgesellschaft-mbh-2\" data-glossary-id=\"120\">Osztr\u00e1k Kutat\u00e1sfejleszt\u00e9si Korl\u00e1tolt Felel\u0151ss\u00e9g\u0171 Hivatal<\/a><a class=\"glossar-hover\" title=\"FFG - kifejez\u00e9s keres\u00e9se a sz\u00f3jegyz\u00e9kben\" href=\"https:\/\/www.digitalbarrierefrei.at\/de\/glossar\/oesterreichische-forschungsfoerderungsgesellschaft-mbh-2\" data-glossary-id=\"120\">(FFG<\/a>) Panaszhivatal\u00e1hoz. Az <a class=\"glossar-hover\" title=\"FFG - kifejez\u00e9s keres\u00e9se a sz\u00f3jegyz\u00e9kben\" href=\"https:\/\/www.digitalbarrierefrei.at\/de\/glossar\/oesterreichische-forschungsfoerderungsgesellschaft-mbh-2\" data-glossary-id=\"120\">FFG<\/a> a panaszokat elektronikus \u00faton, a <a href=\"https:\/\/www.digitalbarrierefrei.at\/de\/beschwerdestelle\/kontaktformular-beschwerdestelle\">panaszhivatal kapcsolatfelv\u00e9teli \u0171rlapj\u00e1n<\/a> kereszt\u00fcl fogadja. <\/p>\n<p>A panaszokat az <a class=\"glossar-hover\" title=\"FFG - kifejez\u00e9s keres\u00e9se a sz\u00f3jegyz\u00e9kben\" href=\"https:\/\/www.digitalbarrierefrei.at\/de\/glossar\/oesterreichische-forschungsfoerderungsgesellschaft-mbh-2\" data-glossary-id=\"120\">FFG<\/a> megvizsg\u00e1lja, hogy meg\u00e1llap\u00edtsa, a webes akad\u00e1lymentes\u00edt\u00e9si t\u00f6rv\u00e9ny rendelkez\u00e9seinek a sz\u00f6vets\u00e9gi korm\u00e1ny vagy egy neki tulajdon\u00edthat\u00f3 szervezet \u00e1ltali megs\u00e9rt\u00e9s\u00e9re, k\u00fcl\u00f6n\u00f6sen az akad\u00e1lymentes\u00edt\u00e9si k\u00f6vetelm\u00e9nyeknek val\u00f3 megfelel\u00e9s hi\u00e1nyoss\u00e1gaira vonatkoznak-e.<\/p>\n<p>Ha a panasz megalapozott, az <a class=\"glossar-hover\" title=\"FFG - kifejez\u00e9s keres\u00e9se a sz\u00f3jegyz\u00e9kben\" href=\"https:\/\/www.digitalbarrierefrei.at\/de\/glossar\/oesterreichische-forschungsfoerderungsgesellschaft-mbh-2\" data-glossary-id=\"120\">FFG-nek<\/a> int\u00e9zked\u00e9si javaslatokat kell tennie a sz\u00f6vets\u00e9gi korm\u00e1ny vagy az \u00e9rintett jogi szem\u00e9lyek sz\u00e1m\u00e1ra, \u00e9s int\u00e9zked\u00e9seket kell javasolnia a fenn\u00e1ll\u00f3 hi\u00e1nyoss\u00e1gok orvosl\u00e1s\u00e1ra.<\/p>\n<\/div><\/div><\/div><\/div><\/div>\n","protected":false},"excerpt":{"rendered":"","protected":false},"author":3437,"featured_media":0,"parent":0,"menu_order":0,"comment_status":"closed","ping_status":"closed","template":"","meta":{"_acf_changed":false,"footnotes":""},"class_list":["post-15581","page","type-page","status-publish","hentry"],"acf":[],"yoast_head":"<!-- This site is optimized with the Yoast SEO plugin v27.3 - https:\/\/yoast.com\/product\/yoast-seo-wordpress\/ -->\n<title>Nyilatkozat az akad\u00e1lymentes\u00edt\u00e9sr\u0151l - Heuriger Mayer am Pfarrplatz<\/title>\n<meta name=\"robots\" content=\"index, follow, max-snippet:-1, max-image-preview:large, max-video-preview:-1\" \/>\n<link rel=\"canonical\" href=\"https:\/\/www.pfarrplatz.at\/hu\/nyilatkozat-az-akadalymentesitesrol\/\" \/>\n<meta property=\"og:locale\" content=\"hu_HU\" \/>\n<meta property=\"og:type\" content=\"article\" \/>\n<meta property=\"og:title\" content=\"Nyilatkozat az akad\u00e1lymentes\u00edt\u00e9sr\u0151l - Heuriger Mayer am Pfarrplatz\" \/>\n<meta property=\"og:url\" content=\"https:\/\/www.pfarrplatz.at\/hu\/nyilatkozat-az-akadalymentesitesrol\/\" \/>\n<meta property=\"og:site_name\" content=\"Heuriger Mayer am Pfarrplatz\" \/>\n<meta property=\"article:publisher\" content=\"https:\/\/www.facebook.com\/mayerampfarrplatz\" \/>\n<meta property=\"article:modified_time\" content=\"2025-09-26T09:20:03+00:00\" \/>\n<meta name=\"twitter:card\" content=\"summary_large_image\" \/>\n<meta name=\"twitter:label1\" content=\"Becs\u00fclt olvas\u00e1si id\u0151\" \/>\n\t<meta name=\"twitter:data1\" content=\"8 perc\" \/>\n<script type=\"application\/ld+json\" class=\"yoast-schema-graph\">{\"@context\":\"https:\\\/\\\/schema.org\",\"@graph\":[{\"@type\":\"WebPage\",\"@id\":\"https:\\\/\\\/www.pfarrplatz.at\\\/hu\\\/nyilatkozat-az-akadalymentesitesrol\\\/\",\"url\":\"https:\\\/\\\/www.pfarrplatz.at\\\/hu\\\/nyilatkozat-az-akadalymentesitesrol\\\/\",\"name\":\"Nyilatkozat az akad\u00e1lymentes\u00edt\u00e9sr\u0151l - Heuriger Mayer am Pfarrplatz\",\"isPartOf\":{\"@id\":\"https:\\\/\\\/www.pfarrplatz.at\\\/de\\\/#website\"},\"datePublished\":\"2025-08-07T09:33:46+00:00\",\"dateModified\":\"2025-09-26T09:20:03+00:00\",\"breadcrumb\":{\"@id\":\"https:\\\/\\\/www.pfarrplatz.at\\\/hu\\\/nyilatkozat-az-akadalymentesitesrol\\\/#breadcrumb\"},\"inLanguage\":\"hu\",\"potentialAction\":[{\"@type\":\"ReadAction\",\"target\":[\"https:\\\/\\\/www.pfarrplatz.at\\\/hu\\\/nyilatkozat-az-akadalymentesitesrol\\\/\"]}]},{\"@type\":\"BreadcrumbList\",\"@id\":\"https:\\\/\\\/www.pfarrplatz.at\\\/hu\\\/nyilatkozat-az-akadalymentesitesrol\\\/#breadcrumb\",\"itemListElement\":[{\"@type\":\"ListItem\",\"position\":1,\"name\":\"Kezd\u0151lap\",\"item\":\"https:\\\/\\\/www.pfarrplatz.at\\\/hu\\\/\"},{\"@type\":\"ListItem\",\"position\":2,\"name\":\"Nyilatkozat az akad\u00e1lymentes\u00edt\u00e9sr\u0151l\"}]},{\"@type\":\"WebSite\",\"@id\":\"https:\\\/\\\/www.pfarrplatz.at\\\/de\\\/#website\",\"url\":\"https:\\\/\\\/www.pfarrplatz.at\\\/de\\\/\",\"name\":\"Heuriger Mayer am Pfarrplatz\",\"description\":\"\",\"publisher\":{\"@id\":\"https:\\\/\\\/www.pfarrplatz.at\\\/de\\\/#organization\"},\"potentialAction\":[{\"@type\":\"SearchAction\",\"target\":{\"@type\":\"EntryPoint\",\"urlTemplate\":\"https:\\\/\\\/www.pfarrplatz.at\\\/de\\\/?s={search_term_string}\"},\"query-input\":{\"@type\":\"PropertyValueSpecification\",\"valueRequired\":true,\"valueName\":\"search_term_string\"}}],\"inLanguage\":\"hu\"},{\"@type\":\"Organization\",\"@id\":\"https:\\\/\\\/www.pfarrplatz.at\\\/de\\\/#organization\",\"name\":\"Heuriger Mayer am Pfarrplatz\",\"url\":\"https:\\\/\\\/www.pfarrplatz.at\\\/de\\\/\",\"logo\":{\"@type\":\"ImageObject\",\"inLanguage\":\"hu\",\"@id\":\"https:\\\/\\\/www.pfarrplatz.at\\\/de\\\/#\\\/schema\\\/logo\\\/image\\\/\",\"url\":\"https:\\\/\\\/www.pfarrplatz.at\\\/wp-content\\\/uploads\\\/sites\\\/25\\\/2022\\\/02\\\/mayer_am_pfarrplatz-1-1-300x300-1.png\",\"contentUrl\":\"https:\\\/\\\/www.pfarrplatz.at\\\/wp-content\\\/uploads\\\/sites\\\/25\\\/2022\\\/02\\\/mayer_am_pfarrplatz-1-1-300x300-1.png\",\"width\":300,\"height\":300,\"caption\":\"Heuriger Mayer am Pfarrplatz\"},\"image\":{\"@id\":\"https:\\\/\\\/www.pfarrplatz.at\\\/de\\\/#\\\/schema\\\/logo\\\/image\\\/\"},\"sameAs\":[\"https:\\\/\\\/www.facebook.com\\\/mayerampfarrplatz\",\"https:\\\/\\\/www.instagram.com\\\/mayerampfarrplatz.pfarrwirt\\\/\"]}]}<\/script>\n<!-- \/ Yoast SEO plugin. -->","yoast_head_json":{"title":"Nyilatkozat az akad\u00e1lymentes\u00edt\u00e9sr\u0151l - Heuriger Mayer am Pfarrplatz","robots":{"index":"index","follow":"follow","max-snippet":"max-snippet:-1","max-image-preview":"max-image-preview:large","max-video-preview":"max-video-preview:-1"},"canonical":"https:\/\/www.pfarrplatz.at\/hu\/nyilatkozat-az-akadalymentesitesrol\/","og_locale":"hu_HU","og_type":"article","og_title":"Nyilatkozat az akad\u00e1lymentes\u00edt\u00e9sr\u0151l - Heuriger Mayer am Pfarrplatz","og_url":"https:\/\/www.pfarrplatz.at\/hu\/nyilatkozat-az-akadalymentesitesrol\/","og_site_name":"Heuriger Mayer am Pfarrplatz","article_publisher":"https:\/\/www.facebook.com\/mayerampfarrplatz","article_modified_time":"2025-09-26T09:20:03+00:00","twitter_card":"summary_large_image","twitter_misc":{"Becs\u00fclt olvas\u00e1si id\u0151":"8 perc"},"schema":{"@context":"https:\/\/schema.org","@graph":[{"@type":"WebPage","@id":"https:\/\/www.pfarrplatz.at\/hu\/nyilatkozat-az-akadalymentesitesrol\/","url":"https:\/\/www.pfarrplatz.at\/hu\/nyilatkozat-az-akadalymentesitesrol\/","name":"Nyilatkozat az akad\u00e1lymentes\u00edt\u00e9sr\u0151l - Heuriger Mayer am Pfarrplatz","isPartOf":{"@id":"https:\/\/www.pfarrplatz.at\/de\/#website"},"datePublished":"2025-08-07T09:33:46+00:00","dateModified":"2025-09-26T09:20:03+00:00","breadcrumb":{"@id":"https:\/\/www.pfarrplatz.at\/hu\/nyilatkozat-az-akadalymentesitesrol\/#breadcrumb"},"inLanguage":"hu","potentialAction":[{"@type":"ReadAction","target":["https:\/\/www.pfarrplatz.at\/hu\/nyilatkozat-az-akadalymentesitesrol\/"]}]},{"@type":"BreadcrumbList","@id":"https:\/\/www.pfarrplatz.at\/hu\/nyilatkozat-az-akadalymentesitesrol\/#breadcrumb","itemListElement":[{"@type":"ListItem","position":1,"name":"Kezd\u0151lap","item":"https:\/\/www.pfarrplatz.at\/hu\/"},{"@type":"ListItem","position":2,"name":"Nyilatkozat az akad\u00e1lymentes\u00edt\u00e9sr\u0151l"}]},{"@type":"WebSite","@id":"https:\/\/www.pfarrplatz.at\/de\/#website","url":"https:\/\/www.pfarrplatz.at\/de\/","name":"Heuriger Mayer am Pfarrplatz","description":"","publisher":{"@id":"https:\/\/www.pfarrplatz.at\/de\/#organization"},"potentialAction":[{"@type":"SearchAction","target":{"@type":"EntryPoint","urlTemplate":"https:\/\/www.pfarrplatz.at\/de\/?s={search_term_string}"},"query-input":{"@type":"PropertyValueSpecification","valueRequired":true,"valueName":"search_term_string"}}],"inLanguage":"hu"},{"@type":"Organization","@id":"https:\/\/www.pfarrplatz.at\/de\/#organization","name":"Heuriger Mayer am Pfarrplatz","url":"https:\/\/www.pfarrplatz.at\/de\/","logo":{"@type":"ImageObject","inLanguage":"hu","@id":"https:\/\/www.pfarrplatz.at\/de\/#\/schema\/logo\/image\/","url":"https:\/\/www.pfarrplatz.at\/wp-content\/uploads\/sites\/25\/2022\/02\/mayer_am_pfarrplatz-1-1-300x300-1.png","contentUrl":"https:\/\/www.pfarrplatz.at\/wp-content\/uploads\/sites\/25\/2022\/02\/mayer_am_pfarrplatz-1-1-300x300-1.png","width":300,"height":300,"caption":"Heuriger Mayer am Pfarrplatz"},"image":{"@id":"https:\/\/www.pfarrplatz.at\/de\/#\/schema\/logo\/image\/"},"sameAs":["https:\/\/www.facebook.com\/mayerampfarrplatz","https:\/\/www.instagram.com\/mayerampfarrplatz.pfarrwirt\/"]}]}},"_links":{"self":[{"href":"https:\/\/www.pfarrplatz.at\/hu\/wp-json\/wp\/v2\/pages\/15581","targetHints":{"allow":["GET"]}}],"collection":[{"href":"https:\/\/www.pfarrplatz.at\/hu\/wp-json\/wp\/v2\/pages"}],"about":[{"href":"https:\/\/www.pfarrplatz.at\/hu\/wp-json\/wp\/v2\/types\/page"}],"author":[{"embeddable":true,"href":"https:\/\/www.pfarrplatz.at\/hu\/wp-json\/wp\/v2\/users\/3437"}],"replies":[{"embeddable":true,"href":"https:\/\/www.pfarrplatz.at\/hu\/wp-json\/wp\/v2\/comments?post=15581"}],"version-history":[{"count":4,"href":"https:\/\/www.pfarrplatz.at\/hu\/wp-json\/wp\/v2\/pages\/15581\/revisions"}],"predecessor-version":[{"id":15608,"href":"https:\/\/www.pfarrplatz.at\/hu\/wp-json\/wp\/v2\/pages\/15581\/revisions\/15608"}],"wp:attachment":[{"href":"https:\/\/www.pfarrplatz.at\/hu\/wp-json\/wp\/v2\/media?parent=15581"}],"curies":[{"name":"wp","href":"https:\/\/api.w.org\/{rel}","templated":true}]}}