{"id":18050,"date":"2022-02-21T09:31:03","date_gmt":"2022-02-21T08:31:03","guid":{"rendered":"https:\/\/www.pfarrplatz.at\/protection-des-donnees\/"},"modified":"2025-09-26T11:40:06","modified_gmt":"2025-09-26T09:40:06","slug":"protection-des-donnees","status":"publish","type":"page","link":"https:\/\/www.pfarrplatz.at\/fr\/protection-des-donnees\/","title":{"rendered":"Protection des donn\u00e9es"},"content":{"rendered":"<div class=\"fusion-fullwidth fullwidth-box fusion-builder-row-1 fusion-flex-container nonhundred-percent-fullwidth non-hundred-percent-height-scrolling\" style=\"--awb-border-radius-top-left:0px;--awb-border-radius-top-right:0px;--awb-border-radius-bottom-right:0px;--awb-border-radius-bottom-left:0px;--awb-padding-top:50px;--awb-flex-wrap:wrap;\" ><div class=\"fusion-builder-row fusion-row fusion-flex-align-items-flex-start fusion-flex-content-wrap\" style=\"max-width:104%;margin-left: calc(-4% \/ 2 );margin-right: calc(-4% \/ 2 );\"><div class=\"fusion-layout-column fusion_builder_column fusion-builder-column-0 fusion_builder_column_1_2 1_2 fusion-flex-column\" style=\"--awb-bg-blend:overlay;--awb-bg-size:cover;--awb-width-large:50%;--awb-margin-top-large:0px;--awb-spacing-right-large:3.84%;--awb-margin-bottom-large:0px;--awb-spacing-left-large:3.84%;--awb-width-medium:50%;--awb-spacing-right-medium:3.84%;--awb-spacing-left-medium:3.84%;--awb-width-small:100%;--awb-spacing-right-small:1.92%;--awb-spacing-left-small:1.92%;\"><div class=\"fusion-column-wrapper fusion-flex-justify-content-flex-start fusion-content-layout-column\"><div class=\"fusion-text fusion-text-1\" style=\"--awb-text-transform:none;\"><p>Nous vous remercions de l&rsquo;int\u00e9r\u00eat que vous portez \u00e0 notre entreprise et \u00e0 notre site Internet pfarrplatz.at. L&rsquo;entreprise Pfarrplatz Gastronomiebetriebs GmbH, FN 95985f, dont l&rsquo;adresse commerciale est Pfarrplatz 2, 1190 Vienne, exploite pour ses clients un portail en ligne \u00e0 l&rsquo;adresse web \u00ab\u00a0www.pfarrplatz.at\u00a0\u00bb. Vous trouverez de plus amples informations sur Pfarrplatz Gastronomiebetriebs GmbH dans <a href=\"http:\/\/www.pfarrplatz.at\/de\/infos\/impressum.html\">les mentions l\u00e9gales de cette page<\/a>. Cette information sur la protection des donn\u00e9es s&rsquo;applique aux offres faites aux clients au nom de Pfarrplatz Gastronomiebetriebs GmbH et propos\u00e9es sur le portail en ligne.   <\/p>\n<p>Pfarrplatz Gastronomiebetriebs GmbH fait partie d&rsquo;un groupe d&rsquo;entreprises. Pour remplir ses obligations, Pfarrplatz Gastronomiebetriebs GmbH fait \u00e9galement appel \u00e0 des entreprises appartenant au m\u00eame groupe. Vous trouverez <a href=\"http:\/\/www.pfarrplatz.com\/DSGVO\/07_Unternehmen_Pfarrplatz.pdf\" target=\"_blank\" rel=\"noopener noreferrer\">ici<\/a> une liste des entreprises entrant dans le champ d&rsquo;application de cette information sur la protection des donn\u00e9es.  <\/p>\n<p><strong>Objet de l&rsquo;information<\/strong><br \/>\nLa pr\u00e9sente information g\u00e9n\u00e9rale sur la protection des donn\u00e9es d\u00e9crit et explique notre engagement fondamental en mati\u00e8re de protection des donn\u00e9es et les mesures de s\u00e9curit\u00e9 g\u00e9n\u00e9rales. Nous remplissons nos obligations d&rsquo;information en mati\u00e8re de protection des donn\u00e9es par le biais d&rsquo;informations sur la protection des donn\u00e9es \u00e9tablies s\u00e9par\u00e9ment pour chaque offre client, qui font partie int\u00e9grante de la pr\u00e9sente information sur la protection des donn\u00e9es. Vous trouverez ci-dessous des informations plus d\u00e9taill\u00e9es et un lien vers les documents sous \u00ab\u00a0<a href=\"https:\/\/www.pfarrplatz.at\/fr\/protection-des-donnees\/?builder=true&#038;builder_id=6a42d3528d320a1682aa30e7b6a317ec#kundenangebote\">Informations sur la protection des donn\u00e9es par offre client<\/a>\u00ab\u00a0.<em><strong>.<\/strong><\/em>  <\/p>\n<p><strong>Mesures de s\u00e9curit\u00e9<\/strong><br \/>\nNous accordons une grande importance \u00e0 la protection de vos donn\u00e9es personnelles et des informations qui peuvent permettre de vous identifier. L&rsquo;objectif de Pfarrplatz Gastronomiebetriebs GmbH est de r\u00e9pondre en permanence aux attentes de nos clients concernant nos produits et services. Cela implique \u00e9galement une gestion responsable des donn\u00e9es que vous nous confiez dans le cadre de notre relation client. Nous nous engageons \u00e0 prot\u00e9ger vos donn\u00e9es conform\u00e9ment aux lois en vigueur sur la protection des donn\u00e9es.<br \/>\nC&rsquo;est pourquoi nous travaillons constamment \u00e0 la r\u00e9vision et \u00e0 l&rsquo;am\u00e9lioration de nos r\u00e8gles de s\u00e9curit\u00e9 techniques et physiques. Dans le cadre d&rsquo;un concept de s\u00e9curit\u00e9, nous avons mis en place des mesures de s\u00e9curit\u00e9 par le biais de r\u00e8gles et de dispositions visant \u00e0 prot\u00e9ger vos donn\u00e9es personnelles contre toute perte, utilisation abusive ou modification involontaire sur tous les sites Web et serveurs exploit\u00e9s par Pfarrplatz Gastronomiebetriebs GmbH, tout en \u00e9tant soumis \u00e0 notre contr\u00f4le.<br \/>\nNous garantissons \u00e9galement le respect des obligations l\u00e9gales en mati\u00e8re de protection des donn\u00e9es en formant r\u00e9guli\u00e8rement notre personnel, en mettant \u00e0 disposition un coordinateur de la protection des donn\u00e9es et en imposant par \u00e9crit l&rsquo;obligation de confidentialit\u00e9 des donn\u00e9es aux employ\u00e9s et aux sous-traitants externes.    <\/p>\n<p><strong>Mineurs<\/strong><br \/>\nNous n&rsquo;avons pas l&rsquo;intention de collecter des donn\u00e9es personnelles aupr\u00e8s de mineurs, mais nous ne pouvons malheureusement pas toujours v\u00e9rifier l&rsquo;\u00e2ge des personnes qui consultent et utilisent nos sites. Si une personne mineure nous communique ses donn\u00e9es sans l&rsquo;autorisation de son tuteur l\u00e9gal, nous demandons \u00e0 ce dernier de nous contacter afin que ces donn\u00e9es soient supprim\u00e9es et que la personne mineure ne puisse plus \u00eatre contact\u00e9e par nous (par exemple pour du mat\u00e9riel publicitaire). Contact : <a href=\"mailto:office@pfarrplatz.at\">office@pfarrplatz.at<\/a><\/p>\n<\/div><\/div><\/div><div class=\"fusion-layout-column fusion_builder_column fusion-builder-column-1 fusion_builder_column_1_2 1_2 fusion-flex-column\" style=\"--awb-bg-blend:overlay;--awb-bg-size:cover;--awb-width-large:50%;--awb-margin-top-large:0px;--awb-spacing-right-large:3.84%;--awb-margin-bottom-large:0px;--awb-spacing-left-large:3.84%;--awb-width-medium:50%;--awb-spacing-right-medium:3.84%;--awb-spacing-left-medium:3.84%;--awb-width-small:100%;--awb-spacing-right-small:1.92%;--awb-spacing-left-small:1.92%;\"><div class=\"fusion-column-wrapper fusion-flex-justify-content-flex-start fusion-content-layout-column\"><div class=\"fusion-text fusion-text-2\"><p><strong style=\"background-color: rgba(255, 255, 255, 0); color: var(--body_typography-color); font-family: var(--body_typography-font-family); font-size: var(--body_typography-font-size); font-style: var(--body_typography-font-style,normal); letter-spacing: var(--body_typography-letter-spacing);\">Informations sur la protection des donn\u00e9es par offre client<\/strong><\/p>\n<p>Afin de remplir nos obligations d&rsquo;information en mati\u00e8re de protection des donn\u00e9es, nous avons r\u00e9dig\u00e9 des informations s\u00e9par\u00e9es sur la protection des donn\u00e9es pour nos offres clients, afin de faciliter la lecture et la transparence. En cliquant sur le lien \u00ab\u00a0<em>Informations sur la protection des donn\u00e9es<\/em>\u00a0\u00bb indiqu\u00e9 dans l&rsquo;offre client, vous serez redirig\u00e9 vers le document correspondant.<br \/>\nDans les informations sur la protection des donn\u00e9es par offre client, nous vous informons en d\u00e9tail sur les points suivants <\/p>\n<ul>\n<li>qui nous sommes et comment nous contacter,<\/li>\n<li>\u00e0 quels produits se rapporte l&rsquo;information sur la protection des donn\u00e9es<\/li>\n<li>les cat\u00e9gories de donn\u00e9es \u00e0 caract\u00e8re personnel que nous traitons,<\/li>\n<li>les sources \u00e0 partir desquelles nous obtenons des donn\u00e9es<\/li>\n<li>les finalit\u00e9s pour lesquelles nous traitons les donn\u00e9es \u00e0 caract\u00e8re personnel (y compris au sein du groupe d&rsquo;entreprises),<\/li>\n<li>sur quelle base juridique nous le faisons,<\/li>\n<li>\u00e0 qui nous transmettons les donn\u00e9es \u00e0 caract\u00e8re personnel, le cas \u00e9ch\u00e9ant<\/li>\n<li>combien de temps nous conservons les donn\u00e9es personnelles et<\/li>\n<li>les droits dont vous disposez en ce qui concerne les donn\u00e9es \u00e0 caract\u00e8re personnel trait\u00e9es.<\/li>\n<\/ul>\n<p>Lorsque les informations relatives \u00e0 la protection des donn\u00e9es indiquent que nous proc\u00e9dons \u00e0 des traitements de donn\u00e9es sur la base de votre consentement, cela pr\u00e9suppose bien entendu que vous nous avez donn\u00e9 ce consentement de mani\u00e8re effective. En l&rsquo;absence de consentement, nous ne proc\u00e9derons pas au traitement de vos donn\u00e9es personnelles sur la base de votre consentement. <\/p>\n<p>Bien entendu, il est possible de visiter nos offres en ligne (sites web) sans fournir d&rsquo;informations sur la personne de l&rsquo;utilisateur. Dans ce cas, mais aussi en cas d&rsquo;utilisation de l&rsquo;offre en ligne par des utilisateurs enregistr\u00e9s, les donn\u00e9es d&rsquo;acc\u00e8s sans r\u00e9f\u00e9rence personnelle (par exemple le nom du fournisseur d&rsquo;acc\u00e8s Internet, la page \u00e0 partir de laquelle l&rsquo;utilisateur visite les sites Web, l&rsquo;adresse IP anonyme, la date et l&rsquo;heure de la visite) sont enregistr\u00e9es. Vous trouverez des informations sur la protection des donn\u00e9es concernant ce type de traitement des donn\u00e9es \u00e0 c\u00f4t\u00e9 des informations individuelles sur la protection des donn\u00e9es dans les \u00ab\u00a0<a href=\"http:\/\/www.pfarrplatz.com\/DSGVO\/09_4_Cookie_Information_Pfarrplatz.pdf\" target=\"_blank\" rel=\"noopener noreferrer\">informations sur les cookies<\/a>\u00ab\u00a0. Cette information contient \u00e9galement des explications sur les \u00ab\u00a0plug-ins sociaux\u00a0\u00bb, qui permettent de partager le contenu de notre site web avec d&rsquo;autres sites web.   <\/p>\n<p><strong>Nos offres clients sont<\/strong><\/p>\n<ul>\n<li><u>Services en ligne (information, service de newsletter, boutique en ligne)<\/u><a href=\"http:\/\/www.pfarrplatz.com\/DSGVO\/09_1_DSI_Online_Dienste_Pfarrplatz.pdf\" target=\"_blank\" rel=\"noopener noreferrer\">Information sur la confidentialit\u00e9 des services en ligne<\/a><br \/>\n<a href=\"http:\/\/www.pfarrplatz.com\/DSGVO\/09_2_DSI_Newsletter_Pfarrplatz.pdf\" target=\"_blank\" rel=\"noopener noreferrer\">Information sur la protection des donn\u00e9es Newsletter<\/a><\/li>\n<\/ul>\n<ul>\n<li><u>Jeux-concours<\/u><a href=\"http:\/\/www.pfarrplatz.com\/DSGVO\/09_3_DSI_Gewinnspiele_Pfarrplatz.pdf\" target=\"_blank\" rel=\"noopener noreferrer\">Informations sur la confidentialit\u00e9 des jeux-concours<\/a><\/li>\n<\/ul>\n<ul>\n<li><u>Visite du site pour les utilisateurs non inscrits<\/u><a href=\"http:\/\/www.pfarrplatz.com\/DSGVO\/09_4_Cookie_Information_Pfarrplatz.pdf\" target=\"_blank\" rel=\"noopener noreferrer\">Informations sur les cookies<\/a><\/li>\n<\/ul>\n<p><strong>Contact<\/strong><br \/>\nSi vous souhaitez mettre \u00e0 jour vos donn\u00e9es, l&rsquo;utilisation des donn\u00e9es ou votre mode de communication pr\u00e9f\u00e9r\u00e9, ou si vous ne souhaitez plus recevoir de communications de la part de Pfarrplatz GastronomiebetriebsGmbH ou vous opposer au traitement des donn\u00e9es, vous pouvez le faire \u00e0 tout moment, sans avoir \u00e0 justifier votre demande, en utilisant les coordonn\u00e9es suivantes :<\/p>\n<ul>\n<li>Par e-mail : <a href=\"mailto:office@pfarrplatz.at\">office@pfarrplatz.at<\/a><\/li>\n<li>Par t\u00e9l\u00e9phone : 0043 1 370 12 87<\/li>\n<li>Par courrier : Pfarrplatz Gastronomiebetriebs GmbH,<br \/>\nPfarrplatz 2,<br \/>\n1190 Vienne<\/li>\n<\/ul>\n<p>Si vous avez des commentaires ou des questions sur la protection des donn\u00e9es ou sur nos informations relatives \u00e0 la protection des donn\u00e9es, vous pouvez nous contacter par l&rsquo;un des moyens indiqu\u00e9s ci-dessous :<\/p>\n<ul>\n<li>Par e-mail : <a href=\"mailto:office@pfarrplatz.at\">office@pfarrplatz.at<\/a><\/li>\n<li>Par t\u00e9l\u00e9phone : 0043 1 370 12 87<\/li>\n<\/ul>\n<p><strong>Mise \u00e0 jour : mai 2018<\/strong><\/p>\n<p><a href=\"http:\/\/www.pfarrplatz.com\/DSGVO\/09_Allgemeine_DSI_Pfarrplatz.pdf\" target=\"_blank\" rel=\"noopener noreferrer\"><strong>T\u00e9l\u00e9chargez les informations g\u00e9n\u00e9rales sur la protection des donn\u00e9es au format PDF.<\/strong><\/a><\/p>\n<\/div><\/div><\/div><\/div><\/div>\n","protected":false},"excerpt":{"rendered":"","protected":false},"author":1,"featured_media":0,"parent":0,"menu_order":0,"comment_status":"closed","ping_status":"closed","template":"","meta":{"_acf_changed":false,"footnotes":""},"class_list":["post-18050","page","type-page","status-publish","hentry"],"acf":[],"yoast_head":"<!-- This site is optimized with the Yoast SEO plugin v27.4 - https:\/\/yoast.com\/product\/yoast-seo-wordpress\/ -->\n<title>Protection des donn\u00e9es - Heuriger Mayer am Pfarrplatz<\/title>\n<meta name=\"robots\" content=\"index, follow, max-snippet:-1, max-image-preview:large, max-video-preview:-1\" \/>\n<link rel=\"canonical\" href=\"https:\/\/www.pfarrplatz.at\/fr\/protection-des-donnees\/\" \/>\n<meta property=\"og:locale\" content=\"fr_FR\" \/>\n<meta property=\"og:type\" content=\"article\" \/>\n<meta property=\"og:title\" content=\"Protection des donn\u00e9es - Heuriger Mayer am Pfarrplatz\" \/>\n<meta property=\"og:url\" content=\"https:\/\/www.pfarrplatz.at\/fr\/protection-des-donnees\/\" \/>\n<meta property=\"og:site_name\" content=\"Heuriger Mayer am Pfarrplatz\" \/>\n<meta property=\"article:publisher\" content=\"https:\/\/www.facebook.com\/mayerampfarrplatz\" \/>\n<meta property=\"article:modified_time\" content=\"2025-09-26T09:40:06+00:00\" \/>\n<meta name=\"twitter:card\" content=\"summary_large_image\" \/>\n<meta name=\"twitter:label1\" content=\"Dur\u00e9e de lecture estim\u00e9e\" \/>\n\t<meta name=\"twitter:data1\" content=\"7 minutes\" \/>\n<script type=\"application\/ld+json\" class=\"yoast-schema-graph\">{\"@context\":\"https:\\\/\\\/schema.org\",\"@graph\":[{\"@type\":\"WebPage\",\"@id\":\"https:\\\/\\\/www.pfarrplatz.at\\\/fr\\\/protection-des-donnees\\\/\",\"url\":\"https:\\\/\\\/www.pfarrplatz.at\\\/fr\\\/protection-des-donnees\\\/\",\"name\":\"Protection des donn\u00e9es - Heuriger Mayer am Pfarrplatz\",\"isPartOf\":{\"@id\":\"https:\\\/\\\/www.pfarrplatz.at\\\/de\\\/#website\"},\"datePublished\":\"2022-02-21T08:31:03+00:00\",\"dateModified\":\"2025-09-26T09:40:06+00:00\",\"breadcrumb\":{\"@id\":\"https:\\\/\\\/www.pfarrplatz.at\\\/fr\\\/protection-des-donnees\\\/#breadcrumb\"},\"inLanguage\":\"fr-FR\",\"potentialAction\":[{\"@type\":\"ReadAction\",\"target\":[\"https:\\\/\\\/www.pfarrplatz.at\\\/fr\\\/protection-des-donnees\\\/\"]}]},{\"@type\":\"BreadcrumbList\",\"@id\":\"https:\\\/\\\/www.pfarrplatz.at\\\/fr\\\/protection-des-donnees\\\/#breadcrumb\",\"itemListElement\":[{\"@type\":\"ListItem\",\"position\":1,\"name\":\"Startseite\",\"item\":\"https:\\\/\\\/www.pfarrplatz.at\\\/fr\\\/\"},{\"@type\":\"ListItem\",\"position\":2,\"name\":\"Protection des donn\u00e9es\"}]},{\"@type\":\"WebSite\",\"@id\":\"https:\\\/\\\/www.pfarrplatz.at\\\/de\\\/#website\",\"url\":\"https:\\\/\\\/www.pfarrplatz.at\\\/de\\\/\",\"name\":\"Heuriger Mayer am Pfarrplatz\",\"description\":\"\",\"publisher\":{\"@id\":\"https:\\\/\\\/www.pfarrplatz.at\\\/de\\\/#organization\"},\"potentialAction\":[{\"@type\":\"SearchAction\",\"target\":{\"@type\":\"EntryPoint\",\"urlTemplate\":\"https:\\\/\\\/www.pfarrplatz.at\\\/de\\\/?s={search_term_string}\"},\"query-input\":{\"@type\":\"PropertyValueSpecification\",\"valueRequired\":true,\"valueName\":\"search_term_string\"}}],\"inLanguage\":\"fr-FR\"},{\"@type\":\"Organization\",\"@id\":\"https:\\\/\\\/www.pfarrplatz.at\\\/de\\\/#organization\",\"name\":\"Heuriger Mayer am Pfarrplatz\",\"url\":\"https:\\\/\\\/www.pfarrplatz.at\\\/de\\\/\",\"logo\":{\"@type\":\"ImageObject\",\"inLanguage\":\"fr-FR\",\"@id\":\"https:\\\/\\\/www.pfarrplatz.at\\\/de\\\/#\\\/schema\\\/logo\\\/image\\\/\",\"url\":\"https:\\\/\\\/www.pfarrplatz.at\\\/wp-content\\\/uploads\\\/sites\\\/25\\\/2022\\\/02\\\/mayer_am_pfarrplatz-1-1-300x300-1.png\",\"contentUrl\":\"https:\\\/\\\/www.pfarrplatz.at\\\/wp-content\\\/uploads\\\/sites\\\/25\\\/2022\\\/02\\\/mayer_am_pfarrplatz-1-1-300x300-1.png\",\"width\":300,\"height\":300,\"caption\":\"Heuriger Mayer am Pfarrplatz\"},\"image\":{\"@id\":\"https:\\\/\\\/www.pfarrplatz.at\\\/de\\\/#\\\/schema\\\/logo\\\/image\\\/\"},\"sameAs\":[\"https:\\\/\\\/www.facebook.com\\\/mayerampfarrplatz\",\"https:\\\/\\\/www.instagram.com\\\/mayerampfarrplatz.pfarrwirt\\\/\"]}]}<\/script>\n<!-- \/ Yoast SEO plugin. -->","yoast_head_json":{"title":"Protection des donn\u00e9es - Heuriger Mayer am Pfarrplatz","robots":{"index":"index","follow":"follow","max-snippet":"max-snippet:-1","max-image-preview":"max-image-preview:large","max-video-preview":"max-video-preview:-1"},"canonical":"https:\/\/www.pfarrplatz.at\/fr\/protection-des-donnees\/","og_locale":"fr_FR","og_type":"article","og_title":"Protection des donn\u00e9es - Heuriger Mayer am Pfarrplatz","og_url":"https:\/\/www.pfarrplatz.at\/fr\/protection-des-donnees\/","og_site_name":"Heuriger Mayer am Pfarrplatz","article_publisher":"https:\/\/www.facebook.com\/mayerampfarrplatz","article_modified_time":"2025-09-26T09:40:06+00:00","twitter_card":"summary_large_image","twitter_misc":{"Dur\u00e9e de lecture estim\u00e9e":"7 minutes"},"schema":{"@context":"https:\/\/schema.org","@graph":[{"@type":"WebPage","@id":"https:\/\/www.pfarrplatz.at\/fr\/protection-des-donnees\/","url":"https:\/\/www.pfarrplatz.at\/fr\/protection-des-donnees\/","name":"Protection des donn\u00e9es - Heuriger Mayer am Pfarrplatz","isPartOf":{"@id":"https:\/\/www.pfarrplatz.at\/de\/#website"},"datePublished":"2022-02-21T08:31:03+00:00","dateModified":"2025-09-26T09:40:06+00:00","breadcrumb":{"@id":"https:\/\/www.pfarrplatz.at\/fr\/protection-des-donnees\/#breadcrumb"},"inLanguage":"fr-FR","potentialAction":[{"@type":"ReadAction","target":["https:\/\/www.pfarrplatz.at\/fr\/protection-des-donnees\/"]}]},{"@type":"BreadcrumbList","@id":"https:\/\/www.pfarrplatz.at\/fr\/protection-des-donnees\/#breadcrumb","itemListElement":[{"@type":"ListItem","position":1,"name":"Startseite","item":"https:\/\/www.pfarrplatz.at\/fr\/"},{"@type":"ListItem","position":2,"name":"Protection des donn\u00e9es"}]},{"@type":"WebSite","@id":"https:\/\/www.pfarrplatz.at\/de\/#website","url":"https:\/\/www.pfarrplatz.at\/de\/","name":"Heuriger Mayer am Pfarrplatz","description":"","publisher":{"@id":"https:\/\/www.pfarrplatz.at\/de\/#organization"},"potentialAction":[{"@type":"SearchAction","target":{"@type":"EntryPoint","urlTemplate":"https:\/\/www.pfarrplatz.at\/de\/?s={search_term_string}"},"query-input":{"@type":"PropertyValueSpecification","valueRequired":true,"valueName":"search_term_string"}}],"inLanguage":"fr-FR"},{"@type":"Organization","@id":"https:\/\/www.pfarrplatz.at\/de\/#organization","name":"Heuriger Mayer am Pfarrplatz","url":"https:\/\/www.pfarrplatz.at\/de\/","logo":{"@type":"ImageObject","inLanguage":"fr-FR","@id":"https:\/\/www.pfarrplatz.at\/de\/#\/schema\/logo\/image\/","url":"https:\/\/www.pfarrplatz.at\/wp-content\/uploads\/sites\/25\/2022\/02\/mayer_am_pfarrplatz-1-1-300x300-1.png","contentUrl":"https:\/\/www.pfarrplatz.at\/wp-content\/uploads\/sites\/25\/2022\/02\/mayer_am_pfarrplatz-1-1-300x300-1.png","width":300,"height":300,"caption":"Heuriger Mayer am Pfarrplatz"},"image":{"@id":"https:\/\/www.pfarrplatz.at\/de\/#\/schema\/logo\/image\/"},"sameAs":["https:\/\/www.facebook.com\/mayerampfarrplatz","https:\/\/www.instagram.com\/mayerampfarrplatz.pfarrwirt\/"]}]}},"_links":{"self":[{"href":"https:\/\/www.pfarrplatz.at\/fr\/wp-json\/wp\/v2\/pages\/18050","targetHints":{"allow":["GET"]}}],"collection":[{"href":"https:\/\/www.pfarrplatz.at\/fr\/wp-json\/wp\/v2\/pages"}],"about":[{"href":"https:\/\/www.pfarrplatz.at\/fr\/wp-json\/wp\/v2\/types\/page"}],"author":[{"embeddable":true,"href":"https:\/\/www.pfarrplatz.at\/fr\/wp-json\/wp\/v2\/users\/1"}],"replies":[{"embeddable":true,"href":"https:\/\/www.pfarrplatz.at\/fr\/wp-json\/wp\/v2\/comments?post=18050"}],"version-history":[{"count":2,"href":"https:\/\/www.pfarrplatz.at\/fr\/wp-json\/wp\/v2\/pages\/18050\/revisions"}],"predecessor-version":[{"id":18063,"href":"https:\/\/www.pfarrplatz.at\/fr\/wp-json\/wp\/v2\/pages\/18050\/revisions\/18063"}],"wp:attachment":[{"href":"https:\/\/www.pfarrplatz.at\/fr\/wp-json\/wp\/v2\/media?parent=18050"}],"curies":[{"name":"wp","href":"https:\/\/api.w.org\/{rel}","templated":true}]}}