{"id":15598,"date":"2025-08-07T11:33:46","date_gmt":"2025-08-07T09:33:46","guid":{"rendered":"https:\/\/www.pfarrplatz.at\/declaration-daccessibilite\/"},"modified":"2025-09-26T11:20:05","modified_gmt":"2025-09-26T09:20:05","slug":"declaration-daccessibilite","status":"publish","type":"page","link":"https:\/\/www.pfarrplatz.at\/fr\/declaration-daccessibilite\/","title":{"rendered":"D\u00e9claration d&rsquo;accessibilit\u00e9"},"content":{"rendered":"<div class=\"fusion-fullwidth fullwidth-box fusion-builder-row-1 fusion-flex-container has-pattern-background has-mask-background nonhundred-percent-fullwidth non-hundred-percent-height-scrolling\" style=\"--awb-border-radius-top-left:0px;--awb-border-radius-top-right:0px;--awb-border-radius-bottom-right:0px;--awb-border-radius-bottom-left:0px;--awb-flex-wrap:wrap;\" ><div class=\"fusion-builder-row fusion-row fusion-flex-align-items-flex-start fusion-flex-content-wrap\" style=\"max-width:104%;margin-left: calc(-4% \/ 2 );margin-right: calc(-4% \/ 2 );\"><div class=\"fusion-layout-column fusion_builder_column fusion-builder-column-0 fusion_builder_column_1_1 1_1 fusion-flex-column\" style=\"--awb-bg-size:cover;--awb-width-large:100%;--awb-margin-top-large:60px;--awb-spacing-right-large:1.92%;--awb-margin-bottom-large:20px;--awb-spacing-left-large:1.92%;--awb-width-medium:100%;--awb-order-medium:0;--awb-spacing-right-medium:1.92%;--awb-spacing-left-medium:1.92%;--awb-width-small:100%;--awb-order-small:0;--awb-spacing-right-small:1.92%;--awb-spacing-left-small:1.92%;\" data-scroll-devices=\"small-visibility,medium-visibility,large-visibility\"><div class=\"fusion-column-wrapper fusion-column-has-shadow fusion-flex-justify-content-flex-start fusion-content-layout-column\"><div class=\"fusion-text fusion-text-1\" style=\"--awb-max-width:800px;--awb-margin-right:auto;--awb-margin-left:auto;\"><h2>D\u00e9claration sur l&rsquo;accessibilit\u00e9 num\u00e9rique<\/h2>\n<p>La pr\u00e9sente d\u00e9claration d&rsquo;accessibilit\u00e9 s&rsquo;applique au site <a href=\"https:\/\/www.pfarrplatz.at\" target=\"_blank\" rel=\"noopener noreferrer\">www.pfarrplatz.at.<\/a><\/p>\n<p>Nous nous effor\u00e7ons de rendre notre site Web accessible \u00e0 tous, conform\u00e9ment \u00e0 la <strong>loi sur l&rsquo;accessibilit\u00e9 du Web (WZG)<\/strong> et \u00e0 la <strong>norme NORM EN 301 549<\/strong>.<br \/>\nLes exigences sont conformes aux <strong>Directives pour l&rsquo;accessibilit\u00e9 aux contenus Web (WCAG) 2.1<\/strong>, niveau de conformit\u00e9 AA.<\/p>\n<h3>\u00c9tat de la compatibilit\u00e9 avec les exigences<\/h3>\n<p>Ce site est <strong>partiellement conforme<\/strong> aux exigences ci-dessus.<\/p>\n<h3>Contenu non accessible<\/h3>\n<p>Les contenus mentionn\u00e9s ci-dessous ne sont pas accessibles ou le sont de mani\u00e8re limit\u00e9e pour les raisons suivantes :<\/p>\n<ul>\n<li>Certains <strong>documents PDF<\/strong> ne sont pas accessibles.<\/li>\n<li>Il manque parfois <strong>des textes alternatifs<\/strong> pour les <strong>images<\/strong>.<\/li>\n<li>Le <strong>carrousel Instagram<\/strong> ne contient pas d&rsquo;attribution de r\u00f4le claire et n&rsquo;est pas enti\u00e8rement utilisable au clavier.<\/li>\n<li>L&rsquo;<strong>outil de r\u00e9servation<\/strong> pr\u00e9sente des probl\u00e8mes de contraste de couleurs et de navigation au clavier.<\/li>\n<li>La <strong>navigation g\u00e9n\u00e9rale au clavier<\/strong> est limit\u00e9e sur certaines pages.<\/li>\n<li>Les <strong>contrastes de couleurs<\/strong> sur le site ne sont pas tous conformes aux exigences d&rsquo;accessibilit\u00e9.<\/li>\n<\/ul>\n<p><strong>Justification :<\/strong><br \/>\nUne partie de ces restrictions est en cours de r\u00e9solution dans le cadre de r\u00e9visions techniques.<br \/>\nPour les composants int\u00e9gr\u00e9s en externe (par ex. outil de r\u00e9servation, widgets de m\u00e9dias sociaux), nous sommes tributaires des mises \u00e0 jour d&rsquo;accessibilit\u00e9 des fabricants respectifs.<\/p>\n<h3>Pr\u00e9paration de la d\u00e9claration<\/h3>\n<p>Cette d\u00e9claration a \u00e9t\u00e9 \u00e9tablie le <strong>6 ao\u00fbt 2025<\/strong>.<br \/>\nLa d\u00e9claration a \u00e9t\u00e9 \u00e9tablie sur la base d&rsquo;une \u00e9valuation r\u00e9alis\u00e9e par un tiers.<\/p>\n<h3>Commentaires et contact<\/h3>\n<p>Si vous remarquez des barri\u00e8res sur <a href=\"https:\/\/www.pfarrplatz.at\" target=\"_blank\" rel=\"noopener noreferrer\">www.pfarrplatz.at<\/a> ou si vous avez besoin d&rsquo;un contenu accessible, veuillez nous contacter : <\/p>\n<ul>\n<li>Courrier \u00e9lectronique : <a href=\"mailto:mayer@pfarrplatz.at\">mayer@pfarrplatz.at<\/a><\/li>\n<li>T\u00e9l\u00e9phone : <a href=\"tel:+4313701287\">+43 (1) 370 12 87<\/a><\/li>\n<\/ul>\n<h3>Proc\u00e9dure d&rsquo;application<\/h3>\n<p>Si vous n&rsquo;\u00eates pas satisfait de la r\u00e9ponse donn\u00e9e par l&rsquo;un des moyens de contact mentionn\u00e9s ci-dessus, vous pouvez d\u00e9poser une plainte aupr\u00e8s du bureau des plaintes de la<a class=\"glossar-hover\" title=\"FFG - Rechercher un terme dans le glossaire\" href=\"https:\/\/www.digitalbarrierefrei.at\/de\/glossar\/oesterreichische-forschungsfoerderungsgesellschaft-mbh-2\" data-glossary-id=\"120\">FFG (<\/a> <a class=\"glossar-hover\" title=\"\u00d6sterreichische Forschungsf\u00f6rderungsgesellschaft - Rechercher un terme dans le glossaire\" href=\"https:\/\/www.digitalbarrierefrei.at\/de\/glossar\/oesterreichische-forschungsfoerderungsgesellschaft-mbh-2\" data-glossary-id=\"120\">\u00d6sterreichische Forschungsf\u00f6rderungsgesellschaft<\/a> mit beschr\u00e4nkter Haftung). La <a class=\"glossar-hover\" title=\"FFG - Rechercher un terme dans le glossaire\" href=\"https:\/\/www.digitalbarrierefrei.at\/de\/glossar\/oesterreichische-forschungsfoerderungsgesellschaft-mbh-2\" data-glossary-id=\"120\">FFG<\/a> accepte les plaintes par voie \u00e9lectronique via le <a href=\"https:\/\/www.digitalbarrierefrei.at\/de\/beschwerdestelle\/kontaktformular-beschwerdestelle\">formulaire de contact du bureau des plaintes<\/a>. <\/p>\n<p>Les plaintes sont examin\u00e9es par la <a class=\"glossar-hover\" title=\"FFG - Rechercher un terme dans le glossaire\" href=\"https:\/\/www.digitalbarrierefrei.at\/de\/glossar\/oesterreichische-forschungsfoerderungsgesellschaft-mbh-2\" data-glossary-id=\"120\">FFG<\/a> afin de d\u00e9terminer si elles concernent des infractions aux dispositions de la loi sur l&rsquo;accessibilit\u00e9 du Web, notamment des manquements aux exigences d&rsquo;accessibilit\u00e9, commises par l&rsquo;\u00c9tat f\u00e9d\u00e9ral ou par une entit\u00e9 qui lui est attribuable.<\/p>\n<p>Si la plainte est justifi\u00e9e, la <a class=\"glossar-hover\" title=\"FFG - Rechercher un terme dans le glossaire\" href=\"https:\/\/www.digitalbarrierefrei.at\/de\/glossar\/oesterreichische-forschungsfoerderungsgesellschaft-mbh-2\" data-glossary-id=\"120\">FFG<\/a> doit recommander des actions \u00e0 l&rsquo;\u00c9tat f\u00e9d\u00e9ral ou aux entit\u00e9s juridiques concern\u00e9es et proposer des mesures visant \u00e0 rem\u00e9dier aux lacunes existantes.<\/p>\n<\/div><\/div><\/div><\/div><\/div>\n","protected":false},"excerpt":{"rendered":"","protected":false},"author":3437,"featured_media":0,"parent":0,"menu_order":0,"comment_status":"closed","ping_status":"closed","template":"","meta":{"_acf_changed":false,"footnotes":""},"class_list":["post-15598","page","type-page","status-publish","hentry"],"acf":[],"yoast_head":"<!-- This site is optimized with the Yoast SEO plugin v27.3 - https:\/\/yoast.com\/product\/yoast-seo-wordpress\/ -->\n<title>D\u00e9claration d&#039;accessibilit\u00e9 - Heuriger Mayer am Pfarrplatz<\/title>\n<meta name=\"robots\" content=\"index, follow, max-snippet:-1, max-image-preview:large, max-video-preview:-1\" \/>\n<link rel=\"canonical\" href=\"https:\/\/www.pfarrplatz.at\/fr\/declaration-daccessibilite\/\" \/>\n<meta property=\"og:locale\" content=\"fr_FR\" \/>\n<meta property=\"og:type\" content=\"article\" \/>\n<meta property=\"og:title\" content=\"D\u00e9claration d&#039;accessibilit\u00e9 - Heuriger Mayer am Pfarrplatz\" \/>\n<meta property=\"og:url\" content=\"https:\/\/www.pfarrplatz.at\/fr\/declaration-daccessibilite\/\" \/>\n<meta property=\"og:site_name\" content=\"Heuriger Mayer am Pfarrplatz\" \/>\n<meta property=\"article:publisher\" content=\"https:\/\/www.facebook.com\/mayerampfarrplatz\" \/>\n<meta property=\"article:modified_time\" content=\"2025-09-26T09:20:05+00:00\" \/>\n<meta name=\"twitter:card\" content=\"summary_large_image\" \/>\n<meta name=\"twitter:label1\" content=\"Dur\u00e9e de lecture estim\u00e9e\" \/>\n\t<meta name=\"twitter:data1\" content=\"8 minutes\" \/>\n<script type=\"application\/ld+json\" class=\"yoast-schema-graph\">{\"@context\":\"https:\\\/\\\/schema.org\",\"@graph\":[{\"@type\":\"WebPage\",\"@id\":\"https:\\\/\\\/www.pfarrplatz.at\\\/fr\\\/declaration-daccessibilite\\\/\",\"url\":\"https:\\\/\\\/www.pfarrplatz.at\\\/fr\\\/declaration-daccessibilite\\\/\",\"name\":\"D\u00e9claration d'accessibilit\u00e9 - Heuriger Mayer am Pfarrplatz\",\"isPartOf\":{\"@id\":\"https:\\\/\\\/www.pfarrplatz.at\\\/de\\\/#website\"},\"datePublished\":\"2025-08-07T09:33:46+00:00\",\"dateModified\":\"2025-09-26T09:20:05+00:00\",\"breadcrumb\":{\"@id\":\"https:\\\/\\\/www.pfarrplatz.at\\\/fr\\\/declaration-daccessibilite\\\/#breadcrumb\"},\"inLanguage\":\"fr-FR\",\"potentialAction\":[{\"@type\":\"ReadAction\",\"target\":[\"https:\\\/\\\/www.pfarrplatz.at\\\/fr\\\/declaration-daccessibilite\\\/\"]}]},{\"@type\":\"BreadcrumbList\",\"@id\":\"https:\\\/\\\/www.pfarrplatz.at\\\/fr\\\/declaration-daccessibilite\\\/#breadcrumb\",\"itemListElement\":[{\"@type\":\"ListItem\",\"position\":1,\"name\":\"Startseite\",\"item\":\"https:\\\/\\\/www.pfarrplatz.at\\\/fr\\\/\"},{\"@type\":\"ListItem\",\"position\":2,\"name\":\"D\u00e9claration d&#8217;accessibilit\u00e9\"}]},{\"@type\":\"WebSite\",\"@id\":\"https:\\\/\\\/www.pfarrplatz.at\\\/de\\\/#website\",\"url\":\"https:\\\/\\\/www.pfarrplatz.at\\\/de\\\/\",\"name\":\"Heuriger Mayer am Pfarrplatz\",\"description\":\"\",\"publisher\":{\"@id\":\"https:\\\/\\\/www.pfarrplatz.at\\\/de\\\/#organization\"},\"potentialAction\":[{\"@type\":\"SearchAction\",\"target\":{\"@type\":\"EntryPoint\",\"urlTemplate\":\"https:\\\/\\\/www.pfarrplatz.at\\\/de\\\/?s={search_term_string}\"},\"query-input\":{\"@type\":\"PropertyValueSpecification\",\"valueRequired\":true,\"valueName\":\"search_term_string\"}}],\"inLanguage\":\"fr-FR\"},{\"@type\":\"Organization\",\"@id\":\"https:\\\/\\\/www.pfarrplatz.at\\\/de\\\/#organization\",\"name\":\"Heuriger Mayer am Pfarrplatz\",\"url\":\"https:\\\/\\\/www.pfarrplatz.at\\\/de\\\/\",\"logo\":{\"@type\":\"ImageObject\",\"inLanguage\":\"fr-FR\",\"@id\":\"https:\\\/\\\/www.pfarrplatz.at\\\/de\\\/#\\\/schema\\\/logo\\\/image\\\/\",\"url\":\"https:\\\/\\\/www.pfarrplatz.at\\\/wp-content\\\/uploads\\\/sites\\\/25\\\/2022\\\/02\\\/mayer_am_pfarrplatz-1-1-300x300-1.png\",\"contentUrl\":\"https:\\\/\\\/www.pfarrplatz.at\\\/wp-content\\\/uploads\\\/sites\\\/25\\\/2022\\\/02\\\/mayer_am_pfarrplatz-1-1-300x300-1.png\",\"width\":300,\"height\":300,\"caption\":\"Heuriger Mayer am Pfarrplatz\"},\"image\":{\"@id\":\"https:\\\/\\\/www.pfarrplatz.at\\\/de\\\/#\\\/schema\\\/logo\\\/image\\\/\"},\"sameAs\":[\"https:\\\/\\\/www.facebook.com\\\/mayerampfarrplatz\",\"https:\\\/\\\/www.instagram.com\\\/mayerampfarrplatz.pfarrwirt\\\/\"]}]}<\/script>\n<!-- \/ Yoast SEO plugin. -->","yoast_head_json":{"title":"D\u00e9claration d'accessibilit\u00e9 - Heuriger Mayer am Pfarrplatz","robots":{"index":"index","follow":"follow","max-snippet":"max-snippet:-1","max-image-preview":"max-image-preview:large","max-video-preview":"max-video-preview:-1"},"canonical":"https:\/\/www.pfarrplatz.at\/fr\/declaration-daccessibilite\/","og_locale":"fr_FR","og_type":"article","og_title":"D\u00e9claration d'accessibilit\u00e9 - Heuriger Mayer am Pfarrplatz","og_url":"https:\/\/www.pfarrplatz.at\/fr\/declaration-daccessibilite\/","og_site_name":"Heuriger Mayer am Pfarrplatz","article_publisher":"https:\/\/www.facebook.com\/mayerampfarrplatz","article_modified_time":"2025-09-26T09:20:05+00:00","twitter_card":"summary_large_image","twitter_misc":{"Dur\u00e9e de lecture estim\u00e9e":"8 minutes"},"schema":{"@context":"https:\/\/schema.org","@graph":[{"@type":"WebPage","@id":"https:\/\/www.pfarrplatz.at\/fr\/declaration-daccessibilite\/","url":"https:\/\/www.pfarrplatz.at\/fr\/declaration-daccessibilite\/","name":"D\u00e9claration d'accessibilit\u00e9 - Heuriger Mayer am Pfarrplatz","isPartOf":{"@id":"https:\/\/www.pfarrplatz.at\/de\/#website"},"datePublished":"2025-08-07T09:33:46+00:00","dateModified":"2025-09-26T09:20:05+00:00","breadcrumb":{"@id":"https:\/\/www.pfarrplatz.at\/fr\/declaration-daccessibilite\/#breadcrumb"},"inLanguage":"fr-FR","potentialAction":[{"@type":"ReadAction","target":["https:\/\/www.pfarrplatz.at\/fr\/declaration-daccessibilite\/"]}]},{"@type":"BreadcrumbList","@id":"https:\/\/www.pfarrplatz.at\/fr\/declaration-daccessibilite\/#breadcrumb","itemListElement":[{"@type":"ListItem","position":1,"name":"Startseite","item":"https:\/\/www.pfarrplatz.at\/fr\/"},{"@type":"ListItem","position":2,"name":"D\u00e9claration d&#8217;accessibilit\u00e9"}]},{"@type":"WebSite","@id":"https:\/\/www.pfarrplatz.at\/de\/#website","url":"https:\/\/www.pfarrplatz.at\/de\/","name":"Heuriger Mayer am Pfarrplatz","description":"","publisher":{"@id":"https:\/\/www.pfarrplatz.at\/de\/#organization"},"potentialAction":[{"@type":"SearchAction","target":{"@type":"EntryPoint","urlTemplate":"https:\/\/www.pfarrplatz.at\/de\/?s={search_term_string}"},"query-input":{"@type":"PropertyValueSpecification","valueRequired":true,"valueName":"search_term_string"}}],"inLanguage":"fr-FR"},{"@type":"Organization","@id":"https:\/\/www.pfarrplatz.at\/de\/#organization","name":"Heuriger Mayer am Pfarrplatz","url":"https:\/\/www.pfarrplatz.at\/de\/","logo":{"@type":"ImageObject","inLanguage":"fr-FR","@id":"https:\/\/www.pfarrplatz.at\/de\/#\/schema\/logo\/image\/","url":"https:\/\/www.pfarrplatz.at\/wp-content\/uploads\/sites\/25\/2022\/02\/mayer_am_pfarrplatz-1-1-300x300-1.png","contentUrl":"https:\/\/www.pfarrplatz.at\/wp-content\/uploads\/sites\/25\/2022\/02\/mayer_am_pfarrplatz-1-1-300x300-1.png","width":300,"height":300,"caption":"Heuriger Mayer am Pfarrplatz"},"image":{"@id":"https:\/\/www.pfarrplatz.at\/de\/#\/schema\/logo\/image\/"},"sameAs":["https:\/\/www.facebook.com\/mayerampfarrplatz","https:\/\/www.instagram.com\/mayerampfarrplatz.pfarrwirt\/"]}]}},"_links":{"self":[{"href":"https:\/\/www.pfarrplatz.at\/fr\/wp-json\/wp\/v2\/pages\/15598","targetHints":{"allow":["GET"]}}],"collection":[{"href":"https:\/\/www.pfarrplatz.at\/fr\/wp-json\/wp\/v2\/pages"}],"about":[{"href":"https:\/\/www.pfarrplatz.at\/fr\/wp-json\/wp\/v2\/types\/page"}],"author":[{"embeddable":true,"href":"https:\/\/www.pfarrplatz.at\/fr\/wp-json\/wp\/v2\/users\/3437"}],"replies":[{"embeddable":true,"href":"https:\/\/www.pfarrplatz.at\/fr\/wp-json\/wp\/v2\/comments?post=15598"}],"version-history":[{"count":2,"href":"https:\/\/www.pfarrplatz.at\/fr\/wp-json\/wp\/v2\/pages\/15598\/revisions"}],"predecessor-version":[{"id":15609,"href":"https:\/\/www.pfarrplatz.at\/fr\/wp-json\/wp\/v2\/pages\/15598\/revisions\/15609"}],"wp:attachment":[{"href":"https:\/\/www.pfarrplatz.at\/fr\/wp-json\/wp\/v2\/media?parent=15598"}],"curies":[{"name":"wp","href":"https:\/\/api.w.org\/{rel}","templated":true}]}}