{"id":18007,"date":"2022-02-21T09:31:03","date_gmt":"2022-02-21T08:31:03","guid":{"rendered":"https:\/\/www.pfarrplatz.at\/proteccion-de-datos\/"},"modified":"2025-09-26T11:39:46","modified_gmt":"2025-09-26T09:39:46","slug":"proteccion-de-datos","status":"publish","type":"page","link":"https:\/\/www.pfarrplatz.at\/es\/proteccion-de-datos\/","title":{"rendered":"Protecci\u00f3n de datos"},"content":{"rendered":"<div class=\"fusion-fullwidth fullwidth-box fusion-builder-row-1 fusion-flex-container nonhundred-percent-fullwidth non-hundred-percent-height-scrolling\" style=\"--awb-border-radius-top-left:0px;--awb-border-radius-top-right:0px;--awb-border-radius-bottom-right:0px;--awb-border-radius-bottom-left:0px;--awb-padding-top:50px;--awb-flex-wrap:wrap;\" ><div class=\"fusion-builder-row fusion-row fusion-flex-align-items-flex-start fusion-flex-content-wrap\" style=\"max-width:104%;margin-left: calc(-4% \/ 2 );margin-right: calc(-4% \/ 2 );\"><div class=\"fusion-layout-column fusion_builder_column fusion-builder-column-0 fusion_builder_column_1_2 1_2 fusion-flex-column\" style=\"--awb-bg-blend:overlay;--awb-bg-size:cover;--awb-width-large:50%;--awb-margin-top-large:0px;--awb-spacing-right-large:3.84%;--awb-margin-bottom-large:0px;--awb-spacing-left-large:3.84%;--awb-width-medium:50%;--awb-spacing-right-medium:3.84%;--awb-spacing-left-medium:3.84%;--awb-width-small:100%;--awb-spacing-right-small:1.92%;--awb-spacing-left-small:1.92%;\"><div class=\"fusion-column-wrapper fusion-flex-justify-content-flex-start fusion-content-layout-column\"><div class=\"fusion-text fusion-text-1\" style=\"--awb-text-transform:none;\"><p>Gracias por tu inter\u00e9s en nuestra empresa y en nuestro sitio web pfarrplatz.at. La empresa Pfarrplatz Gastronomiebetriebs GmbH, FN 95985f, con domicilio social en Pfarrplatz 2, 1190 Viena, gestiona un portal en l\u00ednea para sus clientes bajo la direcci\u00f3n web \u00abwww.pfarrplatz.at\u00bb. Encontrar\u00e1s m\u00e1s informaci\u00f3n sobre Pfarrplatz Gastronomiebetriebs GmbH en el <a href=\"http:\/\/www.pfarrplatz.at\/de\/infos\/impressum.html\">aviso legal de esta p\u00e1gina<\/a>. Esta informaci\u00f3n sobre protecci\u00f3n de datos se aplica a las ofertas para clientes realizadas en nombre de Pfarrplatz Gastronomiebetriebs GmbH y ofrecidas en el portal online.   <\/p>\n<p>Pfarrplatz Gastronomiebetriebs GmbH forma parte de un grupo de empresas. Para cumplir con sus obligaciones, Pfarrplatz Gastronomiebetriebs GmbH tambi\u00e9n utiliza empresas afiliadas al grupo en una divisi\u00f3n del trabajo. <a href=\"http:\/\/www.pfarrplatz.com\/DSGVO\/07_Unternehmen_Pfarrplatz.pdf\" target=\"_blank\" rel=\"noopener noreferrer\">Aqu\u00ed<\/a> encontrar\u00e1s una lista de las empresas a las que se refiere esta informaci\u00f3n sobre protecci\u00f3n de datos.  <\/p>\n<p><strong>Objeto de la informaci\u00f3n<\/strong><br \/>\nEsta informaci\u00f3n general sobre protecci\u00f3n de datos describe y explica nuestro compromiso fundamental con la protecci\u00f3n de datos y las medidas generales de seguridad. Cumplimos nuestras obligaciones de informaci\u00f3n sobre protecci\u00f3n de datos proporcionando informaci\u00f3n sobre protecci\u00f3n de datos separada para las ofertas individuales de los clientes, que forma parte integrante de esta informaci\u00f3n sobre protecci\u00f3n de datos. Encontrar\u00e1s m\u00e1s informaci\u00f3n y un enlace a los documentos m\u00e1s abajo, en<a href=\"https:\/\/www.pfarrplatz.at\/es\/proteccion-de-datos\/?builder=true&#038;builder_id=6a42d3528d320a1682aa30e7b6a317ec#kundenangebote\">\u00abInformaci\u00f3n sobre protecci\u00f3n de datos por oferta al cliente<\/a>\u00ab.<em><strong>.<\/strong><\/em>  <\/p>\n<p><strong>Medidas de seguridad<\/strong><br \/>\nLa protecci\u00f3n de tus datos personales y de la informaci\u00f3n que pueda permitir averiguar tu identidad es muy importante para nosotros. El objetivo de Pfarrplatz Gastronomiebetriebs GmbH es satisfacer continuamente las expectativas de nuestros clientes respecto a nuestros productos y servicios. Esto tambi\u00e9n incluye el tratamiento responsable de los datos que nos conf\u00edas como parte de nuestra relaci\u00f3n con el cliente. Nos comprometemos a proteger tus datos de acuerdo con las leyes de protecci\u00f3n de datos aplicables.<br \/>\nPor este motivo, trabajamos constantemente para revisar y mejorar nuestras normas de seguridad t\u00e9cnica y f\u00edsica. En un concepto de seguridad, hemos implementado medidas de seguridad a trav\u00e9s de normas y precauciones para proteger tus datos personales de p\u00e9rdidas no intencionadas, uso indebido y alteraci\u00f3n en todos los sitios web y servidores operados por Pfarrplatz Gastronomiebetriebs GmbH mientras est\u00e9n bajo nuestro control.<br \/>\nTambi\u00e9n garantizamos el cumplimiento de las normas de protecci\u00f3n de datos formando regularmente a nuestro personal, proporcionando un coordinador de protecci\u00f3n de datos e imponiendo por escrito a los empleados y procesadores externos la obligaci\u00f3n de mantener la confidencialidad de los datos.    <\/p>\n<p><strong>Menores<\/strong><br \/>\nNo pretendemos recopilar datos personales de menores; sin embargo, lamentablemente, no siempre podemos verificar la edad de las personas que acceden y utilizan nuestros sitios web. Si un menor nos proporciona sus datos sin la autorizaci\u00f3n de su tutor legal, le pediremos que se ponga en contacto con nosotros para que estos datos puedan ser eliminados y el menor no pueda seguir siendo contactado por nosotros (por ejemplo, material publicitario). Contacto: <a href=\"mailto:office@pfarrplatz.at\">office@pfarrplatz.at<\/a><\/p>\n<\/div><\/div><\/div><div class=\"fusion-layout-column fusion_builder_column fusion-builder-column-1 fusion_builder_column_1_2 1_2 fusion-flex-column\" style=\"--awb-bg-blend:overlay;--awb-bg-size:cover;--awb-width-large:50%;--awb-margin-top-large:0px;--awb-spacing-right-large:3.84%;--awb-margin-bottom-large:0px;--awb-spacing-left-large:3.84%;--awb-width-medium:50%;--awb-spacing-right-medium:3.84%;--awb-spacing-left-medium:3.84%;--awb-width-small:100%;--awb-spacing-right-small:1.92%;--awb-spacing-left-small:1.92%;\"><div class=\"fusion-column-wrapper fusion-flex-justify-content-flex-start fusion-content-layout-column\"><div class=\"fusion-text fusion-text-2\"><p><strong style=\"background-color: rgba(255, 255, 255, 0); color: var(--body_typography-color); font-family: var(--body_typography-font-family); font-size: var(--body_typography-font-size); font-style: var(--body_typography-font-style,normal); letter-spacing: var(--body_typography-letter-spacing);\">Informaci\u00f3n sobre protecci\u00f3n de datos seg\u00fan las ofertas a los clientes<\/strong><\/p>\n<p>Para cumplir con nuestras obligaciones de informaci\u00f3n sobre protecci\u00f3n de datos, hemos creado una informaci\u00f3n sobre protecci\u00f3n de datos separada para nuestras ofertas a clientes, con el fin de mejorar la legibilidad y la transparencia. Haciendo clic en el enlace<em>\u00abInformaci\u00f3n sobre<\/em>protecci\u00f3n de datos\u00bb que aparece en la oferta al cliente, ser\u00e1s redirigido al documento correspondiente.<br \/>\nEn la informaci\u00f3n sobre protecci\u00f3n de datos por oferta al cliente, te informamos detalladamente sobre lo siguiente <\/p>\n<ul>\n<li>qui\u00e9nes somos y c\u00f3mo puedes ponerte en contacto con nosotros,<\/li>\n<li>a qu\u00e9 productos se refiere la informaci\u00f3n sobre protecci\u00f3n de datos,<\/li>\n<li>qu\u00e9 categor\u00edas de datos personales tratamos,<\/li>\n<li>de qu\u00e9 fuentes obtenemos los datos,<\/li>\n<li>los fines para los que tratamos los datos personales (incluso dentro del grupo de empresas),<\/li>\n<li>sobre qu\u00e9 base legal lo hacemos,<\/li>\n<li>a qui\u00e9n podemos transferir datos personales,<\/li>\n<li>cu\u00e1nto tiempo almacenamos los datos personales y<\/li>\n<li>qu\u00e9 derechos tienes en relaci\u00f3n con los datos personales tratados.<\/li>\n<\/ul>\n<p>En la medida en que la informaci\u00f3n sobre protecci\u00f3n de datos se refiere al hecho de que llevamos a cabo un tratamiento de datos basado en tu consentimiento, esto presupone naturalmente que t\u00fa nos has dado efectivamente este consentimiento. Si no hay consentimiento, no llevaremos a cabo el tratamiento de datos que basamos en el consentimiento en relaci\u00f3n con tu persona. <\/p>\n<p>Por supuesto, nuestros servicios en l\u00ednea (sitios web) tambi\u00e9n pueden visitarse sin proporcionar ninguna informaci\u00f3n personal sobre el usuario. En este caso, pero tambi\u00e9n en el caso de uso de la oferta online por usuarios registrados, se almacenan datos de acceso sin referencia personal (por ejemplo, el nombre del proveedor de servicios de Internet, la p\u00e1gina desde la que el usuario visita los sitios web, la direcci\u00f3n IP anonimizada, la fecha y la hora de la visita). La informaci\u00f3n sobre protecci\u00f3n de datos relativa a este tipo de procesamiento de datos se puede encontrar junto a la informaci\u00f3n individual sobre protecci\u00f3n de datos en la<a href=\"http:\/\/www.pfarrplatz.com\/DSGVO\/09_4_Cookie_Information_Pfarrplatz.pdf\" target=\"_blank\" rel=\"noopener noreferrer\">\u00abInformaci\u00f3n sobre cookies<\/a>\u00ab. Esta informaci\u00f3n tambi\u00e9n contiene explicaciones sobre los \u00abplug-ins sociales\u00bb, que pueden utilizarse para compartir contenidos de nuestro sitio web con otros sitios web.   <\/p>\n<p><strong>Nuestras ofertas para clientes son:<\/strong><\/p>\n<ul>\n<li><u>Servicios en l\u00ednea (informaci\u00f3n, servicio de boletines, tienda en l\u00ednea)<\/u><a href=\"http:\/\/www.pfarrplatz.com\/DSGVO\/09_1_DSI_Online_Dienste_Pfarrplatz.pdf\" target=\"_blank\" rel=\"noopener noreferrer\">Servicios en l\u00ednea de informaci\u00f3n sobre protecci\u00f3n de datos<\/a><br \/>\n<a href=\"http:\/\/www.pfarrplatz.com\/DSGVO\/09_2_DSI_Newsletter_Pfarrplatz.pdf\" target=\"_blank\" rel=\"noopener noreferrer\">Informaci\u00f3n sobre protecci\u00f3n de datos del bolet\u00edn<\/a><\/li>\n<\/ul>\n<ul>\n<li><u>Concursos<\/u><a href=\"http:\/\/www.pfarrplatz.com\/DSGVO\/09_3_DSI_Gewinnspiele_Pfarrplatz.pdf\" target=\"_blank\" rel=\"noopener noreferrer\">Informaci\u00f3n sobre protecci\u00f3n de datos para concursos<\/a><\/li>\n<\/ul>\n<ul>\n<li><u>Visita al sitio web para usuarios no registrados<\/u><a href=\"http:\/\/www.pfarrplatz.com\/DSGVO\/09_4_Cookie_Information_Pfarrplatz.pdf\" target=\"_blank\" rel=\"noopener noreferrer\">Informaci\u00f3n sobre cookies<\/a><\/li>\n<\/ul>\n<p><strong>Contacto<\/strong><br \/>\nSi deseas actualizar tus datos, el uso de los datos o tu canal de comunicaci\u00f3n preferido, o si ya no deseas recibir comunicaciones de Pfarrplatz GastronomiebetriebsGmbH o deseas oponerte al tratamiento de datos, puedes hacerlo en cualquier momento, sin indicar los motivos, utilizando los siguientes datos de contacto:<\/p>\n<ul>\n<li>Por correo electr\u00f3nico: <a href=\"mailto:office@pfarrplatz.at\">office@pfarrplatz.at<\/a><\/li>\n<li>Por tel\u00e9fono: 0043 1 370 12 87<\/li>\n<li>Por correo: Pfarrplatz Gastronomiebetriebs GmbH,<br \/>\nPfarrplatz 2,<br \/>\n1190 Viena<\/li>\n<\/ul>\n<p>Si tienes alg\u00fan comentario o pregunta sobre la protecci\u00f3n de datos o nuestra informaci\u00f3n sobre protecci\u00f3n de datos, puedes ponerte en contacto con nosotros de una de las formas que se indican a continuaci\u00f3n:<\/p>\n<ul>\n<li>Por correo electr\u00f3nico: <a href=\"mailto:office@pfarrplatz.at\">office@pfarrplatz.at<\/a><\/li>\n<li>Por tel\u00e9fono: 0043 1 370 12 87<\/li>\n<\/ul>\n<p><strong>Estado: Mayo de 2018<\/strong><\/p>\n<p><a href=\"http:\/\/www.pfarrplatz.com\/DSGVO\/09_Allgemeine_DSI_Pfarrplatz.pdf\" target=\"_blank\" rel=\"noopener noreferrer\"><strong>Descarga la informaci\u00f3n general sobre protecci\u00f3n de datos en formato PDF.<\/strong><\/a><\/p>\n<\/div><\/div><\/div><\/div><\/div>\n","protected":false},"excerpt":{"rendered":"","protected":false},"author":1,"featured_media":0,"parent":0,"menu_order":0,"comment_status":"closed","ping_status":"closed","template":"","meta":{"_acf_changed":false,"footnotes":""},"class_list":["post-18007","page","type-page","status-publish","hentry"],"acf":[],"yoast_head":"<!-- This site is optimized with the Yoast SEO plugin v27.4 - https:\/\/yoast.com\/product\/yoast-seo-wordpress\/ -->\n<title>Protecci\u00f3n de datos - Heuriger Mayer am Pfarrplatz<\/title>\n<meta name=\"robots\" content=\"index, follow, max-snippet:-1, max-image-preview:large, max-video-preview:-1\" \/>\n<link rel=\"canonical\" href=\"https:\/\/www.pfarrplatz.at\/es\/proteccion-de-datos\/\" \/>\n<meta property=\"og:locale\" content=\"es_ES\" \/>\n<meta property=\"og:type\" content=\"article\" \/>\n<meta property=\"og:title\" content=\"Protecci\u00f3n de datos - Heuriger Mayer am Pfarrplatz\" \/>\n<meta property=\"og:url\" content=\"https:\/\/www.pfarrplatz.at\/es\/proteccion-de-datos\/\" \/>\n<meta property=\"og:site_name\" content=\"Heuriger Mayer am Pfarrplatz\" \/>\n<meta property=\"article:publisher\" content=\"https:\/\/www.facebook.com\/mayerampfarrplatz\" \/>\n<meta property=\"article:modified_time\" content=\"2025-09-26T09:39:46+00:00\" \/>\n<meta name=\"twitter:card\" content=\"summary_large_image\" \/>\n<meta name=\"twitter:label1\" content=\"Tiempo de lectura\" \/>\n\t<meta name=\"twitter:data1\" content=\"7 minutos\" \/>\n<script type=\"application\/ld+json\" class=\"yoast-schema-graph\">{\"@context\":\"https:\\\/\\\/schema.org\",\"@graph\":[{\"@type\":\"WebPage\",\"@id\":\"https:\\\/\\\/www.pfarrplatz.at\\\/es\\\/proteccion-de-datos\\\/\",\"url\":\"https:\\\/\\\/www.pfarrplatz.at\\\/es\\\/proteccion-de-datos\\\/\",\"name\":\"Protecci\u00f3n de datos - Heuriger Mayer am Pfarrplatz\",\"isPartOf\":{\"@id\":\"https:\\\/\\\/www.pfarrplatz.at\\\/de\\\/#website\"},\"datePublished\":\"2022-02-21T08:31:03+00:00\",\"dateModified\":\"2025-09-26T09:39:46+00:00\",\"breadcrumb\":{\"@id\":\"https:\\\/\\\/www.pfarrplatz.at\\\/es\\\/proteccion-de-datos\\\/#breadcrumb\"},\"inLanguage\":\"es\",\"potentialAction\":[{\"@type\":\"ReadAction\",\"target\":[\"https:\\\/\\\/www.pfarrplatz.at\\\/es\\\/proteccion-de-datos\\\/\"]}]},{\"@type\":\"BreadcrumbList\",\"@id\":\"https:\\\/\\\/www.pfarrplatz.at\\\/es\\\/proteccion-de-datos\\\/#breadcrumb\",\"itemListElement\":[{\"@type\":\"ListItem\",\"position\":1,\"name\":\"P\u00e1gina de inicio\",\"item\":\"https:\\\/\\\/www.pfarrplatz.at\\\/es\\\/\"},{\"@type\":\"ListItem\",\"position\":2,\"name\":\"Protecci\u00f3n de datos\"}]},{\"@type\":\"WebSite\",\"@id\":\"https:\\\/\\\/www.pfarrplatz.at\\\/de\\\/#website\",\"url\":\"https:\\\/\\\/www.pfarrplatz.at\\\/de\\\/\",\"name\":\"Heuriger Mayer am Pfarrplatz\",\"description\":\"\",\"publisher\":{\"@id\":\"https:\\\/\\\/www.pfarrplatz.at\\\/de\\\/#organization\"},\"potentialAction\":[{\"@type\":\"SearchAction\",\"target\":{\"@type\":\"EntryPoint\",\"urlTemplate\":\"https:\\\/\\\/www.pfarrplatz.at\\\/de\\\/?s={search_term_string}\"},\"query-input\":{\"@type\":\"PropertyValueSpecification\",\"valueRequired\":true,\"valueName\":\"search_term_string\"}}],\"inLanguage\":\"es\"},{\"@type\":\"Organization\",\"@id\":\"https:\\\/\\\/www.pfarrplatz.at\\\/de\\\/#organization\",\"name\":\"Heuriger Mayer am Pfarrplatz\",\"url\":\"https:\\\/\\\/www.pfarrplatz.at\\\/de\\\/\",\"logo\":{\"@type\":\"ImageObject\",\"inLanguage\":\"es\",\"@id\":\"https:\\\/\\\/www.pfarrplatz.at\\\/de\\\/#\\\/schema\\\/logo\\\/image\\\/\",\"url\":\"https:\\\/\\\/www.pfarrplatz.at\\\/wp-content\\\/uploads\\\/sites\\\/25\\\/2022\\\/02\\\/mayer_am_pfarrplatz-1-1-300x300-1.png\",\"contentUrl\":\"https:\\\/\\\/www.pfarrplatz.at\\\/wp-content\\\/uploads\\\/sites\\\/25\\\/2022\\\/02\\\/mayer_am_pfarrplatz-1-1-300x300-1.png\",\"width\":300,\"height\":300,\"caption\":\"Heuriger Mayer am Pfarrplatz\"},\"image\":{\"@id\":\"https:\\\/\\\/www.pfarrplatz.at\\\/de\\\/#\\\/schema\\\/logo\\\/image\\\/\"},\"sameAs\":[\"https:\\\/\\\/www.facebook.com\\\/mayerampfarrplatz\",\"https:\\\/\\\/www.instagram.com\\\/mayerampfarrplatz.pfarrwirt\\\/\"]}]}<\/script>\n<!-- \/ Yoast SEO plugin. -->","yoast_head_json":{"title":"Protecci\u00f3n de datos - Heuriger Mayer am Pfarrplatz","robots":{"index":"index","follow":"follow","max-snippet":"max-snippet:-1","max-image-preview":"max-image-preview:large","max-video-preview":"max-video-preview:-1"},"canonical":"https:\/\/www.pfarrplatz.at\/es\/proteccion-de-datos\/","og_locale":"es_ES","og_type":"article","og_title":"Protecci\u00f3n de datos - Heuriger Mayer am Pfarrplatz","og_url":"https:\/\/www.pfarrplatz.at\/es\/proteccion-de-datos\/","og_site_name":"Heuriger Mayer am Pfarrplatz","article_publisher":"https:\/\/www.facebook.com\/mayerampfarrplatz","article_modified_time":"2025-09-26T09:39:46+00:00","twitter_card":"summary_large_image","twitter_misc":{"Tiempo de lectura":"7 minutos"},"schema":{"@context":"https:\/\/schema.org","@graph":[{"@type":"WebPage","@id":"https:\/\/www.pfarrplatz.at\/es\/proteccion-de-datos\/","url":"https:\/\/www.pfarrplatz.at\/es\/proteccion-de-datos\/","name":"Protecci\u00f3n de datos - Heuriger Mayer am Pfarrplatz","isPartOf":{"@id":"https:\/\/www.pfarrplatz.at\/de\/#website"},"datePublished":"2022-02-21T08:31:03+00:00","dateModified":"2025-09-26T09:39:46+00:00","breadcrumb":{"@id":"https:\/\/www.pfarrplatz.at\/es\/proteccion-de-datos\/#breadcrumb"},"inLanguage":"es","potentialAction":[{"@type":"ReadAction","target":["https:\/\/www.pfarrplatz.at\/es\/proteccion-de-datos\/"]}]},{"@type":"BreadcrumbList","@id":"https:\/\/www.pfarrplatz.at\/es\/proteccion-de-datos\/#breadcrumb","itemListElement":[{"@type":"ListItem","position":1,"name":"P\u00e1gina de inicio","item":"https:\/\/www.pfarrplatz.at\/es\/"},{"@type":"ListItem","position":2,"name":"Protecci\u00f3n de datos"}]},{"@type":"WebSite","@id":"https:\/\/www.pfarrplatz.at\/de\/#website","url":"https:\/\/www.pfarrplatz.at\/de\/","name":"Heuriger Mayer am Pfarrplatz","description":"","publisher":{"@id":"https:\/\/www.pfarrplatz.at\/de\/#organization"},"potentialAction":[{"@type":"SearchAction","target":{"@type":"EntryPoint","urlTemplate":"https:\/\/www.pfarrplatz.at\/de\/?s={search_term_string}"},"query-input":{"@type":"PropertyValueSpecification","valueRequired":true,"valueName":"search_term_string"}}],"inLanguage":"es"},{"@type":"Organization","@id":"https:\/\/www.pfarrplatz.at\/de\/#organization","name":"Heuriger Mayer am Pfarrplatz","url":"https:\/\/www.pfarrplatz.at\/de\/","logo":{"@type":"ImageObject","inLanguage":"es","@id":"https:\/\/www.pfarrplatz.at\/de\/#\/schema\/logo\/image\/","url":"https:\/\/www.pfarrplatz.at\/wp-content\/uploads\/sites\/25\/2022\/02\/mayer_am_pfarrplatz-1-1-300x300-1.png","contentUrl":"https:\/\/www.pfarrplatz.at\/wp-content\/uploads\/sites\/25\/2022\/02\/mayer_am_pfarrplatz-1-1-300x300-1.png","width":300,"height":300,"caption":"Heuriger Mayer am Pfarrplatz"},"image":{"@id":"https:\/\/www.pfarrplatz.at\/de\/#\/schema\/logo\/image\/"},"sameAs":["https:\/\/www.facebook.com\/mayerampfarrplatz","https:\/\/www.instagram.com\/mayerampfarrplatz.pfarrwirt\/"]}]}},"_links":{"self":[{"href":"https:\/\/www.pfarrplatz.at\/es\/wp-json\/wp\/v2\/pages\/18007","targetHints":{"allow":["GET"]}}],"collection":[{"href":"https:\/\/www.pfarrplatz.at\/es\/wp-json\/wp\/v2\/pages"}],"about":[{"href":"https:\/\/www.pfarrplatz.at\/es\/wp-json\/wp\/v2\/types\/page"}],"author":[{"embeddable":true,"href":"https:\/\/www.pfarrplatz.at\/es\/wp-json\/wp\/v2\/users\/1"}],"replies":[{"embeddable":true,"href":"https:\/\/www.pfarrplatz.at\/es\/wp-json\/wp\/v2\/comments?post=18007"}],"version-history":[{"count":10,"href":"https:\/\/www.pfarrplatz.at\/es\/wp-json\/wp\/v2\/pages\/18007\/revisions"}],"predecessor-version":[{"id":18051,"href":"https:\/\/www.pfarrplatz.at\/es\/wp-json\/wp\/v2\/pages\/18007\/revisions\/18051"}],"wp:attachment":[{"href":"https:\/\/www.pfarrplatz.at\/es\/wp-json\/wp\/v2\/media?parent=18007"}],"curies":[{"name":"wp","href":"https:\/\/api.w.org\/{rel}","templated":true}]}}