{"id":15552,"date":"2025-08-07T11:33:46","date_gmt":"2025-08-07T09:33:46","guid":{"rendered":"https:\/\/www.pfarrplatz.at\/declaracion-de-accesibilidad\/"},"modified":"2025-09-26T11:19:28","modified_gmt":"2025-09-26T09:19:28","slug":"declaracion-de-accesibilidad","status":"publish","type":"page","link":"https:\/\/www.pfarrplatz.at\/es\/declaracion-de-accesibilidad\/","title":{"rendered":"Declaraci\u00f3n de accesibilidad"},"content":{"rendered":"<div class=\"fusion-fullwidth fullwidth-box fusion-builder-row-1 fusion-flex-container has-pattern-background has-mask-background nonhundred-percent-fullwidth non-hundred-percent-height-scrolling\" style=\"--awb-border-radius-top-left:0px;--awb-border-radius-top-right:0px;--awb-border-radius-bottom-right:0px;--awb-border-radius-bottom-left:0px;--awb-flex-wrap:wrap;\" ><div class=\"fusion-builder-row fusion-row fusion-flex-align-items-flex-start fusion-flex-content-wrap\" style=\"max-width:104%;margin-left: calc(-4% \/ 2 );margin-right: calc(-4% \/ 2 );\"><div class=\"fusion-layout-column fusion_builder_column fusion-builder-column-0 fusion_builder_column_1_1 1_1 fusion-flex-column\" style=\"--awb-bg-size:cover;--awb-width-large:100%;--awb-margin-top-large:60px;--awb-spacing-right-large:1.92%;--awb-margin-bottom-large:20px;--awb-spacing-left-large:1.92%;--awb-width-medium:100%;--awb-order-medium:0;--awb-spacing-right-medium:1.92%;--awb-spacing-left-medium:1.92%;--awb-width-small:100%;--awb-order-small:0;--awb-spacing-right-small:1.92%;--awb-spacing-left-small:1.92%;\" data-scroll-devices=\"small-visibility,medium-visibility,large-visibility\"><div class=\"fusion-column-wrapper fusion-column-has-shadow fusion-flex-justify-content-flex-start fusion-content-layout-column\"><div class=\"fusion-text fusion-text-1\" style=\"--awb-max-width:800px;--awb-margin-right:auto;--awb-margin-left:auto;\"><h2>Declaraci\u00f3n sobre accesibilidad digital<\/h2>\n<p>Esta declaraci\u00f3n de accesibilidad se aplica al sitio web <a href=\"https:\/\/www.pfarrplatz.at\" target=\"_blank\" rel=\"noopener noreferrer\">www.pfarrplatz.at.<\/a><\/p>\n<p>Nos esforzamos para que nuestro sitio web sea accesible de acuerdo con la <strong>Ley de Accesibilidad a la Web (WZG<\/strong> ) y la <strong>norma EN 301 549<\/strong>.<br \/>\nLos requisitos cumplen las <strong>Pautas de Accesibilidad al Contenido en la Web (WCAG) 2.1<\/strong>, nivel de conformidad AA.<\/p>\n<h3>Estado de compatibilidad con los requisitos<\/h3>\n<p>Este sitio web <strong>cumple parcialmente<\/strong> los requisitos anteriores.<\/p>\n<h3>Contenido no accesible<\/h3>\n<p>El contenido que se enumera a continuaci\u00f3n no es accesible o s\u00f3lo lo es parcialmente por las siguientes razones:<\/p>\n<ul>\n<li>Algunos <strong>documentos PDF<\/strong> no est\u00e1n libres de barreras.<\/li>\n<li>A veces faltan <strong>textos alternativos<\/strong> para <strong>las im\u00e1genes<\/strong>.<\/li>\n<li>El <strong>carrusel de Instagram<\/strong> no contiene ninguna asignaci\u00f3n clara de funciones y no se puede manejar completamente con el teclado.<\/li>\n<li>La <strong>herramienta de reserva<\/strong> tiene problemas con el dise\u00f1o del contraste de colores y la navegaci\u00f3n por teclado.<\/li>\n<li>La <strong>navegaci\u00f3n general por teclado<\/strong> est\u00e1 restringida en algunas p\u00e1ginas.<\/li>\n<li>No todos los <strong>contrastes de color<\/strong> del sitio web cumplen los requisitos de accesibilidad.<\/li>\n<\/ul>\n<p><strong>Motivo:<\/strong><br \/>\nAlgunas de estas restricciones se est\u00e1n rectificando actualmente como parte de las revisiones t\u00e9cnicas.<br \/>\nEn el caso de componentes integrados externamente (por ejemplo, herramienta de reservas, widgets de redes sociales), dependemos de las actualizaciones de accesibilidad de los respectivos fabricantes.<\/p>\n<h3>Preparaci\u00f3n de la declaraci\u00f3n<\/h3>\n<p>Esta declaraci\u00f3n se elabor\u00f3 el <strong>6 de agosto de 2025<\/strong>.<br \/>\nLa declaraci\u00f3n se elabor\u00f3 sobre la base de una valoraci\u00f3n realizada por un tercero.<\/p>\n<h3>Comentarios y contacto<\/h3>\n<p>Si observas alguna barrera en <a href=\"https:\/\/www.pfarrplatz.at\" target=\"_blank\" rel=\"noopener noreferrer\">www.pfarrplatz.at<\/a> o si necesitas contenidos accesibles, ponte en contacto con nosotros: <\/p>\n<ul>\n<li>Correo electr\u00f3nico: <a href=\"mailto:mayer@pfarrplatz.at\">mayer@pfarrplatz.at<\/a><\/li>\n<li>Tel\u00e9fono: <a href=\"tel:+4313701287\">+43 (1) 370 12 87<\/a><\/li>\n<\/ul>\n<h3>Procedimientos de ejecuci\u00f3n<\/h3>\n<p>Si no recibes una respuesta satisfactoria de la opci\u00f3n de contacto anterior, puedes presentar una queja a la Oficina de Quejas de la <a class=\"glossar-hover\" title=\"Agencia Austriaca de Fomento de la Investigaci\u00f3n - Busca el t\u00e9rmino en el glosario\" href=\"https:\/\/www.digitalbarrierefrei.at\/de\/glossar\/oesterreichische-forschungsfoerderungsgesellschaft-mbh-2\" data-glossary-id=\"120\">Agencia Austriaca de Fomento de la Investigaci\u00f3n<\/a><a class=\"glossar-hover\" title=\"FFG - Busca el t\u00e9rmino en el glosario\" href=\"https:\/\/www.digitalbarrierefrei.at\/de\/glossar\/oesterreichische-forschungsfoerderungsgesellschaft-mbh-2\" data-glossary-id=\"120\">(FFG<\/a>). La <a class=\"glossar-hover\" title=\"FFG - Busca el t\u00e9rmino en el glosario\" href=\"https:\/\/www.digitalbarrierefrei.at\/de\/glossar\/oesterreichische-forschungsfoerderungsgesellschaft-mbh-2\" data-glossary-id=\"120\">FFG<\/a> acepta reclamaciones electr\u00f3nicamente a trav\u00e9s del <a href=\"https:\/\/www.digitalbarrierefrei.at\/de\/beschwerdestelle\/kontaktformular-beschwerdestelle\">formulario de contacto de la Oficina de Reclamaciones<\/a>. <\/p>\n<p>Las quejas son examinadas por <a class=\"glossar-hover\" title=\"FFG - Busca el t\u00e9rmino en el glosario\" href=\"https:\/\/www.digitalbarrierefrei.at\/de\/glossar\/oesterreichische-forschungsfoerderungsgesellschaft-mbh-2\" data-glossary-id=\"120\">el FFG<\/a> para determinar si se refieren a infracciones de las disposiciones de la Ley de Accesibilidad a la Web, en particular a deficiencias en el cumplimiento de los requisitos de accesibilidad, por parte del gobierno federal o de una organizaci\u00f3n atribuible al mismo.<\/p>\n<p>Si la queja est\u00e1 justificada, el <a class=\"glossar-hover\" title=\"FFG - Busca el t\u00e9rmino en el glosario\" href=\"https:\/\/www.digitalbarrierefrei.at\/de\/glossar\/oesterreichische-forschungsfoerderungsgesellschaft-mbh-2\" data-glossary-id=\"120\">FFG<\/a> debe hacer recomendaciones de actuaci\u00f3n al gobierno federal o a las personas jur\u00eddicas afectadas y proponer medidas para subsanar las deficiencias existentes.<\/p>\n<\/div><\/div><\/div><\/div><\/div>\n","protected":false},"excerpt":{"rendered":"","protected":false},"author":3437,"featured_media":0,"parent":0,"menu_order":0,"comment_status":"closed","ping_status":"closed","template":"","meta":{"_acf_changed":false,"footnotes":""},"class_list":["post-15552","page","type-page","status-publish","hentry"],"acf":[],"yoast_head":"<!-- This site is optimized with the Yoast SEO plugin v27.3 - https:\/\/yoast.com\/product\/yoast-seo-wordpress\/ -->\n<title>Declaraci\u00f3n de accesibilidad - Heuriger Mayer am Pfarrplatz<\/title>\n<meta name=\"robots\" content=\"index, follow, max-snippet:-1, max-image-preview:large, max-video-preview:-1\" \/>\n<link rel=\"canonical\" href=\"https:\/\/www.pfarrplatz.at\/es\/declaracion-de-accesibilidad\/\" \/>\n<meta property=\"og:locale\" content=\"es_ES\" \/>\n<meta property=\"og:type\" content=\"article\" \/>\n<meta property=\"og:title\" content=\"Declaraci\u00f3n de accesibilidad - Heuriger Mayer am Pfarrplatz\" \/>\n<meta property=\"og:url\" content=\"https:\/\/www.pfarrplatz.at\/es\/declaracion-de-accesibilidad\/\" \/>\n<meta property=\"og:site_name\" content=\"Heuriger Mayer am Pfarrplatz\" \/>\n<meta property=\"article:publisher\" content=\"https:\/\/www.facebook.com\/mayerampfarrplatz\" \/>\n<meta property=\"article:modified_time\" content=\"2025-09-26T09:19:28+00:00\" \/>\n<meta name=\"twitter:card\" content=\"summary_large_image\" \/>\n<meta name=\"twitter:label1\" content=\"Tiempo de lectura\" \/>\n\t<meta name=\"twitter:data1\" content=\"8 minutos\" \/>\n<script type=\"application\/ld+json\" class=\"yoast-schema-graph\">{\"@context\":\"https:\\\/\\\/schema.org\",\"@graph\":[{\"@type\":\"WebPage\",\"@id\":\"https:\\\/\\\/www.pfarrplatz.at\\\/es\\\/declaracion-de-accesibilidad\\\/\",\"url\":\"https:\\\/\\\/www.pfarrplatz.at\\\/es\\\/declaracion-de-accesibilidad\\\/\",\"name\":\"Declaraci\u00f3n de accesibilidad - Heuriger Mayer am Pfarrplatz\",\"isPartOf\":{\"@id\":\"https:\\\/\\\/www.pfarrplatz.at\\\/de\\\/#website\"},\"datePublished\":\"2025-08-07T09:33:46+00:00\",\"dateModified\":\"2025-09-26T09:19:28+00:00\",\"breadcrumb\":{\"@id\":\"https:\\\/\\\/www.pfarrplatz.at\\\/es\\\/declaracion-de-accesibilidad\\\/#breadcrumb\"},\"inLanguage\":\"es\",\"potentialAction\":[{\"@type\":\"ReadAction\",\"target\":[\"https:\\\/\\\/www.pfarrplatz.at\\\/es\\\/declaracion-de-accesibilidad\\\/\"]}]},{\"@type\":\"BreadcrumbList\",\"@id\":\"https:\\\/\\\/www.pfarrplatz.at\\\/es\\\/declaracion-de-accesibilidad\\\/#breadcrumb\",\"itemListElement\":[{\"@type\":\"ListItem\",\"position\":1,\"name\":\"P\u00e1gina de inicio\",\"item\":\"https:\\\/\\\/www.pfarrplatz.at\\\/es\\\/\"},{\"@type\":\"ListItem\",\"position\":2,\"name\":\"Declaraci\u00f3n de accesibilidad\"}]},{\"@type\":\"WebSite\",\"@id\":\"https:\\\/\\\/www.pfarrplatz.at\\\/de\\\/#website\",\"url\":\"https:\\\/\\\/www.pfarrplatz.at\\\/de\\\/\",\"name\":\"Heuriger Mayer am Pfarrplatz\",\"description\":\"\",\"publisher\":{\"@id\":\"https:\\\/\\\/www.pfarrplatz.at\\\/de\\\/#organization\"},\"potentialAction\":[{\"@type\":\"SearchAction\",\"target\":{\"@type\":\"EntryPoint\",\"urlTemplate\":\"https:\\\/\\\/www.pfarrplatz.at\\\/de\\\/?s={search_term_string}\"},\"query-input\":{\"@type\":\"PropertyValueSpecification\",\"valueRequired\":true,\"valueName\":\"search_term_string\"}}],\"inLanguage\":\"es\"},{\"@type\":\"Organization\",\"@id\":\"https:\\\/\\\/www.pfarrplatz.at\\\/de\\\/#organization\",\"name\":\"Heuriger Mayer am Pfarrplatz\",\"url\":\"https:\\\/\\\/www.pfarrplatz.at\\\/de\\\/\",\"logo\":{\"@type\":\"ImageObject\",\"inLanguage\":\"es\",\"@id\":\"https:\\\/\\\/www.pfarrplatz.at\\\/de\\\/#\\\/schema\\\/logo\\\/image\\\/\",\"url\":\"https:\\\/\\\/www.pfarrplatz.at\\\/wp-content\\\/uploads\\\/sites\\\/25\\\/2022\\\/02\\\/mayer_am_pfarrplatz-1-1-300x300-1.png\",\"contentUrl\":\"https:\\\/\\\/www.pfarrplatz.at\\\/wp-content\\\/uploads\\\/sites\\\/25\\\/2022\\\/02\\\/mayer_am_pfarrplatz-1-1-300x300-1.png\",\"width\":300,\"height\":300,\"caption\":\"Heuriger Mayer am Pfarrplatz\"},\"image\":{\"@id\":\"https:\\\/\\\/www.pfarrplatz.at\\\/de\\\/#\\\/schema\\\/logo\\\/image\\\/\"},\"sameAs\":[\"https:\\\/\\\/www.facebook.com\\\/mayerampfarrplatz\",\"https:\\\/\\\/www.instagram.com\\\/mayerampfarrplatz.pfarrwirt\\\/\"]}]}<\/script>\n<!-- \/ Yoast SEO plugin. -->","yoast_head_json":{"title":"Declaraci\u00f3n de accesibilidad - Heuriger Mayer am Pfarrplatz","robots":{"index":"index","follow":"follow","max-snippet":"max-snippet:-1","max-image-preview":"max-image-preview:large","max-video-preview":"max-video-preview:-1"},"canonical":"https:\/\/www.pfarrplatz.at\/es\/declaracion-de-accesibilidad\/","og_locale":"es_ES","og_type":"article","og_title":"Declaraci\u00f3n de accesibilidad - Heuriger Mayer am Pfarrplatz","og_url":"https:\/\/www.pfarrplatz.at\/es\/declaracion-de-accesibilidad\/","og_site_name":"Heuriger Mayer am Pfarrplatz","article_publisher":"https:\/\/www.facebook.com\/mayerampfarrplatz","article_modified_time":"2025-09-26T09:19:28+00:00","twitter_card":"summary_large_image","twitter_misc":{"Tiempo de lectura":"8 minutos"},"schema":{"@context":"https:\/\/schema.org","@graph":[{"@type":"WebPage","@id":"https:\/\/www.pfarrplatz.at\/es\/declaracion-de-accesibilidad\/","url":"https:\/\/www.pfarrplatz.at\/es\/declaracion-de-accesibilidad\/","name":"Declaraci\u00f3n de accesibilidad - Heuriger Mayer am Pfarrplatz","isPartOf":{"@id":"https:\/\/www.pfarrplatz.at\/de\/#website"},"datePublished":"2025-08-07T09:33:46+00:00","dateModified":"2025-09-26T09:19:28+00:00","breadcrumb":{"@id":"https:\/\/www.pfarrplatz.at\/es\/declaracion-de-accesibilidad\/#breadcrumb"},"inLanguage":"es","potentialAction":[{"@type":"ReadAction","target":["https:\/\/www.pfarrplatz.at\/es\/declaracion-de-accesibilidad\/"]}]},{"@type":"BreadcrumbList","@id":"https:\/\/www.pfarrplatz.at\/es\/declaracion-de-accesibilidad\/#breadcrumb","itemListElement":[{"@type":"ListItem","position":1,"name":"P\u00e1gina de inicio","item":"https:\/\/www.pfarrplatz.at\/es\/"},{"@type":"ListItem","position":2,"name":"Declaraci\u00f3n de accesibilidad"}]},{"@type":"WebSite","@id":"https:\/\/www.pfarrplatz.at\/de\/#website","url":"https:\/\/www.pfarrplatz.at\/de\/","name":"Heuriger Mayer am Pfarrplatz","description":"","publisher":{"@id":"https:\/\/www.pfarrplatz.at\/de\/#organization"},"potentialAction":[{"@type":"SearchAction","target":{"@type":"EntryPoint","urlTemplate":"https:\/\/www.pfarrplatz.at\/de\/?s={search_term_string}"},"query-input":{"@type":"PropertyValueSpecification","valueRequired":true,"valueName":"search_term_string"}}],"inLanguage":"es"},{"@type":"Organization","@id":"https:\/\/www.pfarrplatz.at\/de\/#organization","name":"Heuriger Mayer am Pfarrplatz","url":"https:\/\/www.pfarrplatz.at\/de\/","logo":{"@type":"ImageObject","inLanguage":"es","@id":"https:\/\/www.pfarrplatz.at\/de\/#\/schema\/logo\/image\/","url":"https:\/\/www.pfarrplatz.at\/wp-content\/uploads\/sites\/25\/2022\/02\/mayer_am_pfarrplatz-1-1-300x300-1.png","contentUrl":"https:\/\/www.pfarrplatz.at\/wp-content\/uploads\/sites\/25\/2022\/02\/mayer_am_pfarrplatz-1-1-300x300-1.png","width":300,"height":300,"caption":"Heuriger Mayer am Pfarrplatz"},"image":{"@id":"https:\/\/www.pfarrplatz.at\/de\/#\/schema\/logo\/image\/"},"sameAs":["https:\/\/www.facebook.com\/mayerampfarrplatz","https:\/\/www.instagram.com\/mayerampfarrplatz.pfarrwirt\/"]}]}},"_links":{"self":[{"href":"https:\/\/www.pfarrplatz.at\/es\/wp-json\/wp\/v2\/pages\/15552","targetHints":{"allow":["GET"]}}],"collection":[{"href":"https:\/\/www.pfarrplatz.at\/es\/wp-json\/wp\/v2\/pages"}],"about":[{"href":"https:\/\/www.pfarrplatz.at\/es\/wp-json\/wp\/v2\/types\/page"}],"author":[{"embeddable":true,"href":"https:\/\/www.pfarrplatz.at\/es\/wp-json\/wp\/v2\/users\/3437"}],"replies":[{"embeddable":true,"href":"https:\/\/www.pfarrplatz.at\/es\/wp-json\/wp\/v2\/comments?post=15552"}],"version-history":[{"count":10,"href":"https:\/\/www.pfarrplatz.at\/es\/wp-json\/wp\/v2\/pages\/15552\/revisions"}],"predecessor-version":[{"id":15588,"href":"https:\/\/www.pfarrplatz.at\/es\/wp-json\/wp\/v2\/pages\/15552\/revisions\/15588"}],"wp:attachment":[{"href":"https:\/\/www.pfarrplatz.at\/es\/wp-json\/wp\/v2\/media?parent=15552"}],"curies":[{"name":"wp","href":"https:\/\/api.w.org\/{rel}","templated":true}]}}