{"id":14551,"date":"2025-08-07T11:33:46","date_gmt":"2025-08-07T09:33:46","guid":{"rendered":"https:\/\/www.pfarrplatz.at\/?page_id=14551"},"modified":"2025-08-07T11:38:43","modified_gmt":"2025-08-07T09:38:43","slug":"barrierefreiheitserklaerung","status":"publish","type":"page","link":"https:\/\/www.pfarrplatz.at\/de\/barrierefreiheitserklaerung\/","title":{"rendered":"Barrierefreiheitserkl\u00e4rung"},"content":{"rendered":"<div class=\"fusion-fullwidth fullwidth-box fusion-builder-row-1 fusion-flex-container has-pattern-background has-mask-background nonhundred-percent-fullwidth non-hundred-percent-height-scrolling\" style=\"--awb-border-radius-top-left:0px;--awb-border-radius-top-right:0px;--awb-border-radius-bottom-right:0px;--awb-border-radius-bottom-left:0px;--awb-flex-wrap:wrap;\" ><div class=\"fusion-builder-row fusion-row fusion-flex-align-items-flex-start fusion-flex-content-wrap\" style=\"max-width:104%;margin-left: calc(-4% \/ 2 );margin-right: calc(-4% \/ 2 );\"><div class=\"fusion-layout-column fusion_builder_column fusion-builder-column-0 fusion_builder_column_1_1 1_1 fusion-flex-column\" style=\"--awb-bg-size:cover;--awb-width-large:100%;--awb-margin-top-large:60px;--awb-spacing-right-large:1.92%;--awb-margin-bottom-large:20px;--awb-spacing-left-large:1.92%;--awb-width-medium:100%;--awb-order-medium:0;--awb-spacing-right-medium:1.92%;--awb-spacing-left-medium:1.92%;--awb-width-small:100%;--awb-order-small:0;--awb-spacing-right-small:1.92%;--awb-spacing-left-small:1.92%;\" data-scroll-devices=\"small-visibility,medium-visibility,large-visibility\"><div class=\"fusion-column-wrapper fusion-column-has-shadow fusion-flex-justify-content-flex-start fusion-content-layout-column\"><div class=\"fusion-text fusion-text-1\" style=\"--awb-max-width:800px;--awb-margin-right:auto;--awb-margin-left:auto;\"><h2>Erkl\u00e4rung zur digitalen Barrierefreiheit<\/h2>\n<p>Diese Erkl\u00e4rung zur Barrierefreiheit gilt f\u00fcr die Website <a href=\"https:\/\/www.pfarrplatz.at\" target=\"_blank\" rel=\"noopener noreferrer\">www.pfarrplatz.at<\/a>.<\/p>\n<p>Wir sind bem\u00fcht, unsere Website im Einklang mit dem <strong>Web-Zug\u00e4nglichkeits-Gesetz (WZG)<\/strong> sowie der <strong>NORM EN 301 549<\/strong> barrierefrei zug\u00e4nglich zu machen.<br \/>\nDie Anforderungen entsprechen den <strong>Web Content Accessibility Guidelines (WCAG) 2.1<\/strong>, Konformit\u00e4tsstufe AA.<\/p>\n<h3>Stand der Vereinbarkeit mit den Anforderungen<\/h3>\n<p>Diese Website ist <strong>teilweise konform<\/strong> mit den oben genannten Anforderungen.<\/p>\n<h3>Nicht barrierefreie Inhalte<\/h3>\n<p>Die nachstehend aufgef\u00fchrten Inhalte sind aus folgenden Gr\u00fcnden nicht oder nur eingeschr\u00e4nkt barrierefrei:<\/p>\n<ul>\n<li>Einige <strong>PDF-Dokumente<\/strong> sind nicht barrierefrei.<\/li>\n<li>F\u00fcr <strong>Bilder<\/strong> fehlen teilweise <strong>Alternativtexte<\/strong>.<\/li>\n<li>Das <strong>Instagram-Karussell<\/strong> enth\u00e4lt keine eindeutigen Rollen-Zuweisungen und ist nicht vollst\u00e4ndig mit der Tastatur bedienbar.<\/li>\n<li>Das <strong>Reservierungstool<\/strong> weist Probleme in der Farbkontrastgestaltung und der Tastaturnavigation auf.<\/li>\n<li>Die <strong>allgemeine Tastaturnavigation<\/strong> ist auf manchen Seiten eingeschr\u00e4nkt.<\/li>\n<li>Nicht alle <strong>Farbkontraste<\/strong> auf der Website entsprechen den Anforderungen der Barrierefreiheit.<\/li>\n<\/ul>\n<p><strong>Begr\u00fcndung:<\/strong><br \/>\nEin Teil dieser Einschr\u00e4nkungen wird derzeit im Rahmen technischer \u00dcberarbeitungen behoben.<br \/>\nBei extern eingebundenen Komponenten (z.\u202fB. Reservierungstool, Social Media Widgets) sind wir auf Barrierefreiheits-Updates der jeweiligen Hersteller angewiesen.<\/p>\n<h3>Erstellung der Erkl\u00e4rung<\/h3>\n<p>Diese Erkl\u00e4rung wurde am <strong>6. August 2025<\/strong> erstellt.<br \/>\nDie Erkl\u00e4rung wurde auf Grundlage einer von einem Dritten vorgenommenen Bewertung erstellt.<\/p>\n<h3>Feedback und Kontakt<\/h3>\n<p>Wenn Ihnen Barrieren auf <a href=\"https:\/\/www.pfarrplatz.at\" target=\"_blank\" rel=\"noopener noreferrer\">www.pfarrplatz.at<\/a> auffallen oder Sie Inhalte in barrierefreier Form ben\u00f6tigen, kontaktieren Sie uns bitte:<\/p>\n<ul>\n<li>E-Mail: <a href=\"mailto:mayer@pfarrplatz.at\">mayer@pfarrplatz.at<\/a><\/li>\n<li>Telefon: <a href=\"tel:+4313701287\">+43 (1) 370 12 87<\/a><\/li>\n<\/ul>\n<h3>Durchsetzungsverfahren<\/h3>\n<p>Bei nicht zufriedenstellenden Antworten aus oben genannter Kontaktm\u00f6glichkeit k\u00f6nnen Sie sich mittels Beschwerde an die Beschwerdestelle der <a class=\"glossar-hover\" title=\"\u00d6sterreichische Forschungsf\u00f6rderungsgesellschaft - Begriff im Glossar nachschlagen\" href=\"https:\/\/www.digitalbarrierefrei.at\/de\/glossar\/oesterreichische-forschungsfoerderungsgesellschaft-mbh-2\" data-glossary-id=\"120\">\u00d6sterreichische Forschungsf\u00f6rderungsgesellschaft<\/a> mit beschr\u00e4nkter Haftung (<a class=\"glossar-hover\" title=\"FFG - Begriff im Glossar nachschlagen\" href=\"https:\/\/www.digitalbarrierefrei.at\/de\/glossar\/oesterreichische-forschungsfoerderungsgesellschaft-mbh-2\" data-glossary-id=\"120\">FFG<\/a>) wenden. Die <a class=\"glossar-hover\" title=\"FFG - Begriff im Glossar nachschlagen\" href=\"https:\/\/www.digitalbarrierefrei.at\/de\/glossar\/oesterreichische-forschungsfoerderungsgesellschaft-mbh-2\" data-glossary-id=\"120\">FFG<\/a> nimmt \u00fcber das <a href=\"https:\/\/www.digitalbarrierefrei.at\/de\/beschwerdestelle\/kontaktformular-beschwerdestelle\">Kontaktformular der Beschwerdestelle<\/a> Beschwerden auf elektronischem Weg entgegen.<\/p>\n<p>Die Beschwerden werden von der <a class=\"glossar-hover\" title=\"FFG - Begriff im Glossar nachschlagen\" href=\"https:\/\/www.digitalbarrierefrei.at\/de\/glossar\/oesterreichische-forschungsfoerderungsgesellschaft-mbh-2\" data-glossary-id=\"120\">FFG<\/a> dahingehend gepr\u00fcft, ob sie sich auf Verst\u00f6\u00dfe gegen die Vorgaben des Web-Zug\u00e4nglichkeits-Gesetzes, insbesondere M\u00e4ngel bei der Einhaltung der Barrierefreiheitsanforderungen, durch den Bund oder einer ihm zuordenbaren Einrichtung beziehen.<\/p>\n<p>Sofern die Beschwerde berechtigt ist, hat die <a class=\"glossar-hover\" title=\"FFG - Begriff im Glossar nachschlagen\" href=\"https:\/\/www.digitalbarrierefrei.at\/de\/glossar\/oesterreichische-forschungsfoerderungsgesellschaft-mbh-2\" data-glossary-id=\"120\">FFG<\/a> dem Bund oder den betroffenen Rechtstr\u00e4gern Handlungsempfehlungen auszusprechen und Ma\u00dfnahmen vorzuschlagen, die der Beseitigung der vorliegenden M\u00e4ngel dienen.<\/p>\n<\/div><\/div><\/div><\/div><\/div>\n","protected":false},"excerpt":{"rendered":"","protected":false},"author":3437,"featured_media":0,"parent":0,"menu_order":0,"comment_status":"closed","ping_status":"closed","template":"","meta":{"_acf_changed":false,"footnotes":""},"class_list":["post-14551","page","type-page","status-publish","hentry"],"acf":[],"yoast_head":"<!-- This site is optimized with the Yoast SEO plugin v27.3 - https:\/\/yoast.com\/product\/yoast-seo-wordpress\/ -->\n<title>Barrierefreiheitserkl\u00e4rung - Heuriger Mayer am Pfarrplatz<\/title>\n<meta name=\"robots\" content=\"index, follow, max-snippet:-1, max-image-preview:large, max-video-preview:-1\" \/>\n<link rel=\"canonical\" href=\"https:\/\/www.pfarrplatz.at\/de\/barrierefreiheitserklaerung\/\" \/>\n<meta property=\"og:locale\" content=\"de_DE\" \/>\n<meta property=\"og:type\" content=\"article\" \/>\n<meta property=\"og:title\" content=\"Barrierefreiheitserkl\u00e4rung - Heuriger Mayer am Pfarrplatz\" \/>\n<meta property=\"og:url\" content=\"https:\/\/www.pfarrplatz.at\/de\/barrierefreiheitserklaerung\/\" \/>\n<meta property=\"og:site_name\" content=\"Heuriger Mayer am Pfarrplatz\" \/>\n<meta property=\"article:publisher\" content=\"https:\/\/www.facebook.com\/mayerampfarrplatz\" \/>\n<meta property=\"article:modified_time\" content=\"2025-08-07T09:38:43+00:00\" \/>\n<meta name=\"twitter:card\" content=\"summary_large_image\" \/>\n<meta name=\"twitter:label1\" content=\"Gesch\u00e4tzte Lesezeit\" \/>\n\t<meta name=\"twitter:data1\" content=\"2\u00a0Minuten\" \/>\n<script type=\"application\/ld+json\" class=\"yoast-schema-graph\">{\"@context\":\"https:\\\/\\\/schema.org\",\"@graph\":[{\"@type\":\"WebPage\",\"@id\":\"https:\\\/\\\/www.pfarrplatz.at\\\/de\\\/barrierefreiheitserklaerung\\\/\",\"url\":\"https:\\\/\\\/www.pfarrplatz.at\\\/de\\\/barrierefreiheitserklaerung\\\/\",\"name\":\"Barrierefreiheitserkl\u00e4rung - Heuriger Mayer am Pfarrplatz\",\"isPartOf\":{\"@id\":\"https:\\\/\\\/www.pfarrplatz.at\\\/de\\\/#website\"},\"datePublished\":\"2025-08-07T09:33:46+00:00\",\"dateModified\":\"2025-08-07T09:38:43+00:00\",\"breadcrumb\":{\"@id\":\"https:\\\/\\\/www.pfarrplatz.at\\\/de\\\/barrierefreiheitserklaerung\\\/#breadcrumb\"},\"inLanguage\":\"de\",\"potentialAction\":[{\"@type\":\"ReadAction\",\"target\":[\"https:\\\/\\\/www.pfarrplatz.at\\\/de\\\/barrierefreiheitserklaerung\\\/\"]}]},{\"@type\":\"BreadcrumbList\",\"@id\":\"https:\\\/\\\/www.pfarrplatz.at\\\/de\\\/barrierefreiheitserklaerung\\\/#breadcrumb\",\"itemListElement\":[{\"@type\":\"ListItem\",\"position\":1,\"name\":\"Startseite\",\"item\":\"https:\\\/\\\/www.pfarrplatz.at\\\/de\\\/\"},{\"@type\":\"ListItem\",\"position\":2,\"name\":\"Barrierefreiheitserkl\u00e4rung\"}]},{\"@type\":\"WebSite\",\"@id\":\"https:\\\/\\\/www.pfarrplatz.at\\\/de\\\/#website\",\"url\":\"https:\\\/\\\/www.pfarrplatz.at\\\/de\\\/\",\"name\":\"Heuriger Mayer am Pfarrplatz\",\"description\":\"\",\"publisher\":{\"@id\":\"https:\\\/\\\/www.pfarrplatz.at\\\/de\\\/#organization\"},\"potentialAction\":[{\"@type\":\"SearchAction\",\"target\":{\"@type\":\"EntryPoint\",\"urlTemplate\":\"https:\\\/\\\/www.pfarrplatz.at\\\/de\\\/?s={search_term_string}\"},\"query-input\":{\"@type\":\"PropertyValueSpecification\",\"valueRequired\":true,\"valueName\":\"search_term_string\"}}],\"inLanguage\":\"de\"},{\"@type\":\"Organization\",\"@id\":\"https:\\\/\\\/www.pfarrplatz.at\\\/de\\\/#organization\",\"name\":\"Heuriger Mayer am Pfarrplatz\",\"url\":\"https:\\\/\\\/www.pfarrplatz.at\\\/de\\\/\",\"logo\":{\"@type\":\"ImageObject\",\"inLanguage\":\"de\",\"@id\":\"https:\\\/\\\/www.pfarrplatz.at\\\/de\\\/#\\\/schema\\\/logo\\\/image\\\/\",\"url\":\"https:\\\/\\\/www.pfarrplatz.at\\\/wp-content\\\/uploads\\\/sites\\\/25\\\/2022\\\/02\\\/mayer_am_pfarrplatz-1-1-300x300-1.png\",\"contentUrl\":\"https:\\\/\\\/www.pfarrplatz.at\\\/wp-content\\\/uploads\\\/sites\\\/25\\\/2022\\\/02\\\/mayer_am_pfarrplatz-1-1-300x300-1.png\",\"width\":300,\"height\":300,\"caption\":\"Heuriger Mayer am Pfarrplatz\"},\"image\":{\"@id\":\"https:\\\/\\\/www.pfarrplatz.at\\\/de\\\/#\\\/schema\\\/logo\\\/image\\\/\"},\"sameAs\":[\"https:\\\/\\\/www.facebook.com\\\/mayerampfarrplatz\",\"https:\\\/\\\/www.instagram.com\\\/mayerampfarrplatz.pfarrwirt\\\/\"]}]}<\/script>\n<!-- \/ Yoast SEO plugin. -->","yoast_head_json":{"title":"Barrierefreiheitserkl\u00e4rung - Heuriger Mayer am Pfarrplatz","robots":{"index":"index","follow":"follow","max-snippet":"max-snippet:-1","max-image-preview":"max-image-preview:large","max-video-preview":"max-video-preview:-1"},"canonical":"https:\/\/www.pfarrplatz.at\/de\/barrierefreiheitserklaerung\/","og_locale":"de_DE","og_type":"article","og_title":"Barrierefreiheitserkl\u00e4rung - Heuriger Mayer am Pfarrplatz","og_url":"https:\/\/www.pfarrplatz.at\/de\/barrierefreiheitserklaerung\/","og_site_name":"Heuriger Mayer am Pfarrplatz","article_publisher":"https:\/\/www.facebook.com\/mayerampfarrplatz","article_modified_time":"2025-08-07T09:38:43+00:00","twitter_card":"summary_large_image","twitter_misc":{"Gesch\u00e4tzte Lesezeit":"2\u00a0Minuten"},"schema":{"@context":"https:\/\/schema.org","@graph":[{"@type":"WebPage","@id":"https:\/\/www.pfarrplatz.at\/de\/barrierefreiheitserklaerung\/","url":"https:\/\/www.pfarrplatz.at\/de\/barrierefreiheitserklaerung\/","name":"Barrierefreiheitserkl\u00e4rung - Heuriger Mayer am Pfarrplatz","isPartOf":{"@id":"https:\/\/www.pfarrplatz.at\/de\/#website"},"datePublished":"2025-08-07T09:33:46+00:00","dateModified":"2025-08-07T09:38:43+00:00","breadcrumb":{"@id":"https:\/\/www.pfarrplatz.at\/de\/barrierefreiheitserklaerung\/#breadcrumb"},"inLanguage":"de","potentialAction":[{"@type":"ReadAction","target":["https:\/\/www.pfarrplatz.at\/de\/barrierefreiheitserklaerung\/"]}]},{"@type":"BreadcrumbList","@id":"https:\/\/www.pfarrplatz.at\/de\/barrierefreiheitserklaerung\/#breadcrumb","itemListElement":[{"@type":"ListItem","position":1,"name":"Startseite","item":"https:\/\/www.pfarrplatz.at\/de\/"},{"@type":"ListItem","position":2,"name":"Barrierefreiheitserkl\u00e4rung"}]},{"@type":"WebSite","@id":"https:\/\/www.pfarrplatz.at\/de\/#website","url":"https:\/\/www.pfarrplatz.at\/de\/","name":"Heuriger Mayer am Pfarrplatz","description":"","publisher":{"@id":"https:\/\/www.pfarrplatz.at\/de\/#organization"},"potentialAction":[{"@type":"SearchAction","target":{"@type":"EntryPoint","urlTemplate":"https:\/\/www.pfarrplatz.at\/de\/?s={search_term_string}"},"query-input":{"@type":"PropertyValueSpecification","valueRequired":true,"valueName":"search_term_string"}}],"inLanguage":"de"},{"@type":"Organization","@id":"https:\/\/www.pfarrplatz.at\/de\/#organization","name":"Heuriger Mayer am Pfarrplatz","url":"https:\/\/www.pfarrplatz.at\/de\/","logo":{"@type":"ImageObject","inLanguage":"de","@id":"https:\/\/www.pfarrplatz.at\/de\/#\/schema\/logo\/image\/","url":"https:\/\/www.pfarrplatz.at\/wp-content\/uploads\/sites\/25\/2022\/02\/mayer_am_pfarrplatz-1-1-300x300-1.png","contentUrl":"https:\/\/www.pfarrplatz.at\/wp-content\/uploads\/sites\/25\/2022\/02\/mayer_am_pfarrplatz-1-1-300x300-1.png","width":300,"height":300,"caption":"Heuriger Mayer am Pfarrplatz"},"image":{"@id":"https:\/\/www.pfarrplatz.at\/de\/#\/schema\/logo\/image\/"},"sameAs":["https:\/\/www.facebook.com\/mayerampfarrplatz","https:\/\/www.instagram.com\/mayerampfarrplatz.pfarrwirt\/"]}]}},"_links":{"self":[{"href":"https:\/\/www.pfarrplatz.at\/de\/wp-json\/wp\/v2\/pages\/14551","targetHints":{"allow":["GET"]}}],"collection":[{"href":"https:\/\/www.pfarrplatz.at\/de\/wp-json\/wp\/v2\/pages"}],"about":[{"href":"https:\/\/www.pfarrplatz.at\/de\/wp-json\/wp\/v2\/types\/page"}],"author":[{"embeddable":true,"href":"https:\/\/www.pfarrplatz.at\/de\/wp-json\/wp\/v2\/users\/3437"}],"replies":[{"embeddable":true,"href":"https:\/\/www.pfarrplatz.at\/de\/wp-json\/wp\/v2\/comments?post=14551"}],"version-history":[{"count":8,"href":"https:\/\/www.pfarrplatz.at\/de\/wp-json\/wp\/v2\/pages\/14551\/revisions"}],"predecessor-version":[{"id":14575,"href":"https:\/\/www.pfarrplatz.at\/de\/wp-json\/wp\/v2\/pages\/14551\/revisions\/14575"}],"wp:attachment":[{"href":"https:\/\/www.pfarrplatz.at\/de\/wp-json\/wp\/v2\/media?parent=14551"}],"curies":[{"name":"wp","href":"https:\/\/api.w.org\/{rel}","templated":true}]}}